{"id":3097,"date":"2018-05-07T08:35:47","date_gmt":"2018-05-07T08:35:47","guid":{"rendered":"https:\/\/bellvitge.escolateresiana.com\/contacto\/"},"modified":"2024-05-23T08:56:49","modified_gmt":"2024-05-23T08:56:49","slug":"contacto","status":"publish","type":"page","link":"https:\/\/bellvitge.escolateresiana.com\/es\/contacto\/","title":{"rendered":"Contacto"},"content":{"rendered":"<p>[vc_row css_animation=\u00bb\u00bb row_type=\u00bbrow\u00bb use_row_as_full_screen_section=\u00bbno\u00bb type=\u00bbgrid\u00bb angled_section=\u00bbno\u00bb text_align=\u00bbleft\u00bb background_image_as_pattern=\u00bbwithout_pattern\u00bb padding_top=\u00bb102&#8243; padding_bottom=\u00bb54&#8243; z_index=\u00bb\u00bb][vc_column offset=\u00bbvc_col-md-4&#8243;][vc_column_text]<\/p>\n<h3>Contacta con nosotros<\/h3>\n<p>[\/vc_column_text][vc_empty_space height=\u00bb30px\u00bb][qode_elements_holder number_of_columns=\u00bbone_column\u00bb][qode_elements_holder_item advanced_animations=\u00bbno\u00bb background_color=\u00bb#ffffff\u00bb item_padding=\u00bb6% 6% 6% 6%\u00bb custom_class=\u00bbqode-eh-with-shadow\u00bb][vc_gmaps link=\u00bb#E-8_JTNDaWZyYW1lJTIwc3JjJTNEJTIyaHR0cHMlM0ElMkYlMkZ3d3cuZ29vZ2xlLmNvbSUyRm1hcHMlMkZlbWJlZCUzRnBiJTNEJTIxMW0xOCUyMTFtMTIlMjExbTMlMjExZDI5OTUuMTM3NzQzOTA5NDE3JTIxMmQyLjExMDkyOTcxNTg3NjcxNjYlMjEzZDQxLjM0OTM1OTY3OTI2NzclMjEybTMlMjExZjAlMjEyZjAlMjEzZjAlMjEzbTIlMjExaTEwMjQlMjEyaTc2OCUyMTRmMTMuMSUyMTNtMyUyMTFtMiUyMTFzMHgxMmE0OThkMDExZjYwNWM1JTI1M0EweDliOTk0MzdlN2IzMDE1MzQlMjEyc0NvbGVnaW8lMjUyMFBhcmUlMjUyMEVucmljJTI1MjBkJTI3T3NzJTI1QzMlMjVCMyUyMTVlMCUyMTNtMiUyMTFzZXMlMjEyc2VzJTIxNHYxNjc3NTA5NzgwMDQ5JTIxNW0yJTIxMXNlcyUyMTJzZXMlMjIlMjB3aWR0aCUzRCUyMjYwMCUyMiUyMGhlaWdodCUzRCUyMjQ1MCUyMiUyMHN0eWxlJTNEJTIyYm9yZGVyJTNBMCUzQiUyMiUyMGFsbG93ZnVsbHNjcmVlbiUzRCUyMiUyMiUyMGxvYWRpbmclM0QlMjJsYXp5JTIyJTIwcmVmZXJyZXJwb2xpY3klM0QlMjJuby1yZWZlcnJlci13aGVuLWRvd25ncmFkZSUyMiUzRSUzQyUyRmlmcmFtZSUzRQ==\u00bb][\/qode_elements_holder_item][\/qode_elements_holder][vc_empty_space height=\u00bb41px\u00bb]<div class=\"q_icon_list\"><span aria-hidden=\"true\" class=\"qode_icon_font_elegant icon_pin qode-ili-icon-holder transparent\" style=\"font-size: 17px;color: #4e7efa;\" ><\/span><p style=\"color:#7c7c7c;font-size: 14px;\">Avenida de Am\u00e9rica, 5-9, 08907 L'Hospitalet de Llobregat, Barcelona<\/p><\/div><div class=\"q_icon_list\"><span aria-hidden=\"true\" class=\"qode_icon_font_elegant icon_phone qode-ili-icon-holder transparent\" style=\"font-size: 17px;color: #4e7efa;\" ><\/span><p style=\"color:#7c7c7c;font-size: 14px;\">+34 93 335 26 62<\/p><\/div><div class=\"q_icon_list\"><span aria-hidden=\"true\" class=\"qode_icon_font_elegant icon_mail qode-ili-icon-holder transparent\" style=\"font-size: 17px;color: #4e7efa;\" ><\/span><p style=\"color:#7c7c7c;font-size: 14px;\">infosecretaria@bellvitge.escolateresiana.com<\/p><\/div>[vc_empty_space height=\u00bb30px\u00bb][\/vc_column][vc_column offset=\u00bbvc_col-md-8&#8243;][vc_column_text]<\/p>\n<h3>\u00bfQu\u00e9 podemos hacer por ti?<\/h3>\n<p>[\/vc_column_text][vc_empty_space height=\u00bb22px\u00bb][vc_column_text]Ante cualquier duda o informaci\u00f3n, puede escribirnos a <a href=\"mailto:infosecretaria@bellvitge.escolateresiana.com\">infosecretaria@bellvitge.escolateresiana.com<\/a>, o bien llamarnos al <span style=\"color: #99cc00;\">93 335 26 62<\/span>. Si lo prefiere, tambi\u00e9n puede rellenar el formulario y nos pondremos en contacto con usted lo antes posible.[\/vc_column_text][vc_empty_space height=\u00bb22px\u00bb]\n<div class=\"wpcf7 no-js\" id=\"wpcf7-f3180-o1\" lang=\"es-ES\" dir=\"ltr\" data-wpcf7-id=\"3180\">\n<div class=\"screen-reader-response\"><p role=\"status\" aria-live=\"polite\" aria-atomic=\"true\"><\/p> <ul><\/ul><\/div>\n<form action=\"\/es\/wp-json\/wp\/v2\/pages\/3097#wpcf7-f3180-o1\" method=\"post\" class=\"wpcf7-form init cf7_custom_style_2\" aria-label=\"Formulario de contacto\" novalidate=\"novalidate\" data-status=\"init\">\n<fieldset class=\"hidden-fields-container\"><input type=\"hidden\" name=\"_wpcf7\" value=\"3180\" \/><input type=\"hidden\" name=\"_wpcf7_version\" value=\"6.1.5\" \/><input type=\"hidden\" name=\"_wpcf7_locale\" value=\"es_ES\" \/><input type=\"hidden\" name=\"_wpcf7_unit_tag\" value=\"wpcf7-f3180-o1\" \/><input type=\"hidden\" name=\"_wpcf7_container_post\" value=\"0\" \/><input type=\"hidden\" name=\"_wpcf7_posted_data_hash\" value=\"\" \/><input type=\"hidden\" name=\"_wpcf7_recaptcha_response\" value=\"\" \/>\n<\/fieldset>\n<div>\n\t<p><span class=\"wpcf7-form-control-wrap\" data-name=\"text-Nombre\"><input size=\"40\" maxlength=\"400\" class=\"wpcf7-form-control wpcf7-text\" aria-invalid=\"false\" placeholder=\"Nombre\" value=\"\" type=\"text\" name=\"text-Nombre\" \/><\/span>\n\t<\/p>\n<\/div>\n<div>\n\t<p><span class=\"wpcf7-form-control-wrap\" data-name=\"text-Apellido\"><input size=\"40\" maxlength=\"400\" class=\"wpcf7-form-control wpcf7-text\" aria-invalid=\"false\" placeholder=\"Apellidos\" value=\"\" type=\"text\" name=\"text-Apellido\" \/><\/span>\n\t<\/p>\n<\/div>\n<div>\n\t<p><span class=\"wpcf7-form-control-wrap\" data-name=\"text-email\"><input size=\"40\" maxlength=\"400\" class=\"wpcf7-form-control wpcf7-text\" aria-invalid=\"false\" placeholder=\"E-mail\" value=\"\" type=\"text\" name=\"text-email\" \/><\/span>\n\t<\/p>\n<\/div>\n<div>\n\t<p><span class=\"wpcf7-form-control-wrap\" data-name=\"text-telefono\"><input size=\"40\" maxlength=\"400\" class=\"wpcf7-form-control wpcf7-text\" aria-invalid=\"false\" placeholder=\"Tel\u00e9fono\" value=\"\" type=\"text\" name=\"text-telefono\" \/><\/span>\n\t<\/p>\n<\/div>\n<div>\n\t<p><span class=\"wpcf7-form-control-wrap\" data-name=\"textarea-836\"><textarea cols=\"40\" rows=\"10\" maxlength=\"2000\" class=\"wpcf7-form-control wpcf7-textarea\" aria-invalid=\"false\" placeholder=\"Mensaje\" name=\"textarea-836\"><\/textarea><\/span>\n\t<\/p>\n<\/div>\n<p><span class=\"wpcf7-form-control-wrap\" data-name=\"acceptance-240\"><span class=\"wpcf7-form-control wpcf7-acceptance\"><span class=\"wpcf7-list-item\"><label><input type=\"checkbox\" name=\"acceptance-240\" value=\"1\" aria-invalid=\"false\" \/><span class=\"wpcf7-list-item-label\">He le\u00eddo y consiento que mis datos sean tratados de acuerdo a la Cl\u00e1usula de Protecci\u00f3n de Datos.<\/span><\/label><\/span><\/span><\/span><br \/>\n<input class=\"wpcf7-form-control wpcf7-submit has-spinner\" type=\"submit\" value=\"ENVIAR\" \/>\n<\/p><div class=\"wpcf7-response-output\" aria-hidden=\"true\"><\/div>\n<\/form>\n<\/div>\n[vc_empty_space height=\u00bb30px\u00bb][vc_column_text]<\/p>\n<p style=\"text-align: left; font-size: 12px;\">Fundaci\u00f3n Escuela Teresiana act\u00faa como responsable del tratamiento. Las datos personales que solicitamos son necesarias para gestionar su consulta en nuestro sitio web. La base para el tratamiento de datos se realiza a trav\u00e9s de este consentimiento expreso. La no facilitaci\u00f3n de las datos que se soliciten en el formulario tendr\u00e1 como consecuencia que su consulta no pueda ser atendida. Las datos se conservar\u00e1n mientras no se solicite su supresi\u00f3n y, en su caso, durante los plazos legales de aplicaci\u00f3n. No se ceder\u00e1n datos a terceros, salvo obligaci\u00f3n legal, ni est\u00e1n previstas transferencias internacionales de dichas datos. Los interesados \u200b\u200bpueden ejercitar sus derechos de acceso, rectificaci\u00f3n, supresi\u00f3n, portabilidad y la limitaci\u00f3n o posici\u00f3n dirigiendose por escrito a la direcci\u00f3n del Responsable, C\/ Melqu\u00edades \u00c1lvarez, 8, 28003, Madrid o en el correo electr\u00f3nico <span id=\"cloak84081d6fd3c0d860dff25f2e476e733d\"><a href=\"mailto:fundacion@escuelateresiana.com\">fundacion@escuelateresiana.com<\/a><\/span>, indicando en el asunto \u201cProtecci\u00f3n de Datos\u201d, as\u00ed como reclamar ante la Autoridad de Control (Agencia Espa\u00f1ola de Protecci\u00f3n de Datos ww.aepd.com).<\/p>\n<p style=\"text-align: left; font-size: 12px;\">Para obtener m\u00e1s informaci\u00f3n, consulte nuestra <a href=\"https:\/\/bellvitge.escolateresiana.com\/politica-de-privacidad\/\">Pol\u00edtica de Privacidad.<\/a><\/p>\n<p>[\/vc_column_text][\/vc_column][\/vc_row]<\/p>\n","protected":false},"excerpt":{"rendered":"<p>[vc_row css_animation=\u00bb\u00bb row_type=\u00bbrow\u00bb use_row_as_full_screen_section=\u00bbno\u00bb type=\u00bbgrid\u00bb angled_section=\u00bbno\u00bb text_align=\u00bbleft\u00bb background_image_as_pattern=\u00bbwithout_pattern\u00bb padding_top=\u00bb102&#8243; padding_bottom=\u00bb54&#8243; z_index=\u00bb\u00bb][vc_column offset=\u00bbvc_col-md-4&#8243;][vc_column_text] Contacta con nosotros [\/vc_column_text][vc_empty_space height=\u00bb30px\u00bb][qode_elements_holder number_of_columns=\u00bbone_column\u00bb][qode_elements_holder_item advanced_animations=\u00bbno\u00bb background_color=\u00bb#ffffff\u00bb item_padding=\u00bb6% 6% 6% 6%\u00bb custom_class=\u00bbqode-eh-with-shadow\u00bb][vc_gmaps link=\u00bb#E-8_JTNDaWZyYW1lJTIwc3JjJTNEJTIyaHR0cHMlM0ElMkYlMkZ3d3cuZ29vZ2xlLmNvbSUyRm1hcHMlMkZlbWJlZCUzRnBiJTNEJTIxMW0xOCUyMTFtMTIlMjExbTMlMjExZDI5OTUuMTM3NzQzOTA5NDE3JTIxMmQyLjExMDkyOTcxNTg3NjcxNjYlMjEzZDQxLjM0OTM1OTY3OTI2NzclMjEybTMlMjExZjAlMjEyZjAlMjEzZjAlMjEzbTIlMjExaTEwMjQlMjEyaTc2OCUyMTRmMTMuMSUyMTNtMyUyMTFtMiUyMTFzMHgxMmE0OThkMDExZjYwNWM1JTI1M0EweDliOTk0MzdlN2IzMDE1MzQlMjEyc0NvbGVnaW8lMjUyMFBhcmUlMjUyMEVucmljJTI1MjBkJTI3T3NzJTI1QzMlMjVCMyUyMTVlMCUyMTNtMiUyMTFzZXMlMjEyc2VzJTIxNHYxNjc3NTA5NzgwMDQ5JTIxNW0yJTIxMXNlcyUyMTJzZXMlMjIlMjB3aWR0aCUzRCUyMjYwMCUyMiUyMGhlaWdodCUzRCUyMjQ1MCUyMiUyMHN0eWxlJTNEJTIyYm9yZGVyJTNBMCUzQiUyMiUyMGFsbG93ZnVsbHNjcmVlbiUzRCUyMiUyMiUyMGxvYWRpbmclM0QlMjJsYXp5JTIyJTIwcmVmZXJyZXJwb2xpY3klM0QlMjJuby1yZWZlcnJlci13aGVuLWRvd25ncmFkZSUyMiUzRSUzQyUyRmlmcmFtZSUzRQ==\u00bb][\/qode_elements_holder_item][\/qode_elements_holder][vc_empty_space height=\u00bb41px\u00bb][vc_empty_space height=\u00bb30px\u00bb][\/vc_column][vc_column offset=\u00bbvc_col-md-8&#8243;][vc_column_text] \u00bfQu\u00e9 podemos hacer por ti? [\/vc_column_text][vc_empty_space height=\u00bb22px\u00bb][vc_column_text]Ante cualquier duda o informaci\u00f3n, puede escribirnos a infosecretaria@bellvitge.escolateresiana.com, o&#8230;<\/p>\n","protected":false},"author":1,"featured_media":0,"parent":0,"menu_order":0,"comment_status":"closed","ping_status":"closed","template":"full_width.php","meta":{"footnotes":""},"class_list":["post-3097","page","type-page","status-publish","hentry"],"_links":{"self":[{"href":"https:\/\/bellvitge.escolateresiana.com\/es\/wp-json\/wp\/v2\/pages\/3097","targetHints":{"allow":["GET"]}}],"collection":[{"href":"https:\/\/bellvitge.escolateresiana.com\/es\/wp-json\/wp\/v2\/pages"}],"about":[{"href":"https:\/\/bellvitge.escolateresiana.com\/es\/wp-json\/wp\/v2\/types\/page"}],"author":[{"embeddable":true,"href":"https:\/\/bellvitge.escolateresiana.com\/es\/wp-json\/wp\/v2\/users\/1"}],"replies":[{"embeddable":true,"href":"https:\/\/bellvitge.escolateresiana.com\/es\/wp-json\/wp\/v2\/comments?post=3097"}],"version-history":[{"count":3,"href":"https:\/\/bellvitge.escolateresiana.com\/es\/wp-json\/wp\/v2\/pages\/3097\/revisions"}],"predecessor-version":[{"id":3442,"href":"https:\/\/bellvitge.escolateresiana.com\/es\/wp-json\/wp\/v2\/pages\/3097\/revisions\/3442"}],"wp:attachment":[{"href":"https:\/\/bellvitge.escolateresiana.com\/es\/wp-json\/wp\/v2\/media?parent=3097"}],"curies":[{"name":"wp","href":"https:\/\/api.w.org\/{rel}","templated":true}]}}