{"id":3105,"date":"2022-05-31T14:19:29","date_gmt":"2022-05-31T14:19:29","guid":{"rendered":"https:\/\/bellvitge.escolateresiana.com\/educadores\/"},"modified":"2024-05-16T08:26:43","modified_gmt":"2024-05-16T08:26:43","slug":"educadores","status":"publish","type":"page","link":"https:\/\/bellvitge.escolateresiana.com\/es\/educadores\/","title":{"rendered":"Educadores"},"content":{"rendered":"<p>[vc_row css_animation=\u00bb\u00bb row_type=\u00bbrow\u00bb use_row_as_full_screen_section=\u00bbno\u00bb type=\u00bbfull_width\u00bb angled_section=\u00bbno\u00bb text_align=\u00bbleft\u00bb background_image_as_pattern=\u00bbwithout_pattern\u00bb][vc_column][qode_elements_holder number_of_columns=\u00bbtwo_columns\u00bb][qode_elements_holder_item advanced_animations=\u00bbno\u00bb][vc_single_image image=\u00bb2821&#8243; img_size=\u00bbfull\u00bb qode_css_animation=\u00bb\u00bb][\/qode_elements_holder_item][qode_elements_holder_item advanced_animations=\u00bbno\u00bb item_padding=\u00bb0px 30px 0px 30px\u00bb background_image=\u00bb704&#8243;][vc_column_text]<\/p>\n<div style=\"background-color: white; margin: 20px; padding: 20px;\">\n<h2>EDUCAR ES NUESTRA PASI\u00d3N<\/h2>\n<p>&nbsp;<\/p>\n<p>Para sacar adelante nuestro proyecto contamos con personas comprometidas, <strong>educadores por vocaci\u00f3n,<\/strong> con una s\u00f3lida formaci\u00f3n, que aportan sus talentos y capacidades al servicio <strong>de un proyecto compartido.<\/strong> Formamos un gran <strong>equipo<\/strong> en constante reflexi\u00f3n pedag\u00f3gica y carism\u00e1tica. <strong>Nuestra prioridad<\/strong> es <span style=\"color: #45ac34;\"><strong>la persona<\/strong><\/span>. Cada alumno, cada alumna, es el centro de nuestra <strong>misi\u00f3n<\/strong>.<\/p>\n<p>&nbsp;<\/p>\n<\/div>\n<p>[\/vc_column_text][\/qode_elements_holder_item][\/qode_elements_holder][\/vc_column][\/vc_row][vc_row css_animation=\u00bbelement_from_right\u00bb row_type=\u00bbrow\u00bb use_row_as_full_screen_section=\u00bbno\u00bb type=\u00bbfull_width\u00bb angled_section=\u00bbno\u00bb text_align=\u00bbleft\u00bb background_image_as_pattern=\u00bbwithout_pattern\u00bb css=\u00bb.vc_custom_1651569422056{background-color: #ffffff !important;}\u00bb z_index=\u00bb\u00bb][vc_column][vc_empty_space height=\u00bb50px\u00bb][vc_column_text]<\/p>\n<h2 style=\"text-align: center;\"><span style=\"color: #45ac34;\">As\u00ed son nuestros educadores<\/span><\/h2>\n<p>[\/vc_column_text][vc_empty_space height=\u00bb50px\u00bb][qode_circles columns=\u00bbfour_columns\u00bb circle_line=\u00bbwith_line\u00bb line_color=\u00bb#45ac34&#8243;][qode_circle type=\u00bbimage_type\u00bb image=\u00bb730&#8243; text=\u00bbComprometido<br \/>\nImplicado<br \/>\nCon fuerte vocaci\u00f3n\u00bb background_color=\u00bb#45ac34&#8243;][qode_circle type=\u00bbimage_type\u00bb image=\u00bb731&#8243; text=\u00bbResponsable<br \/>\nCompetente<br \/>\nExperimentado\u00bb background_color=\u00bb#45ac34&#8243;][qode_circle type=\u00bbimage_type\u00bb image=\u00bb732&#8243; text=\u00bbEn constante proceso<br \/>\nde mejora personal<br \/>\ny profesional<br \/>\nCooperador\u00bb background_color=\u00bb#45ac34&#8243;][qode_circle type=\u00bbimage_type\u00bb image=\u00bb733&#8243; text=\u00bbEntusiasta e ilusionado<br \/>\nPr\u00f3ximo<br \/>\nEmp\u00e1tico\u00bb background_color=\u00bb#45ac34&#8243;][\/qode_circles][vc_empty_space][\/vc_column][\/vc_row]<\/p>\n","protected":false},"excerpt":{"rendered":"<p>[vc_row css_animation=\u00bb\u00bb row_type=\u00bbrow\u00bb use_row_as_full_screen_section=\u00bbno\u00bb type=\u00bbfull_width\u00bb angled_section=\u00bbno\u00bb text_align=\u00bbleft\u00bb background_image_as_pattern=\u00bbwithout_pattern\u00bb][vc_column][qode_elements_holder number_of_columns=\u00bbtwo_columns\u00bb][qode_elements_holder_item advanced_animations=\u00bbno\u00bb][vc_single_image image=\u00bb2821&#8243; img_size=\u00bbfull\u00bb qode_css_animation=\u00bb\u00bb][\/qode_elements_holder_item][qode_elements_holder_item advanced_animations=\u00bbno\u00bb item_padding=\u00bb0px 30px 0px 30px\u00bb background_image=\u00bb704&#8243;][vc_column_text] EDUCAR ES NUESTRA PASI\u00d3N &nbsp; Para sacar adelante nuestro proyecto contamos con personas comprometidas, educadores por vocaci\u00f3n, con una s\u00f3lida formaci\u00f3n, que aportan sus talentos y&#8230;<\/p>\n","protected":false},"author":1,"featured_media":0,"parent":0,"menu_order":0,"comment_status":"closed","ping_status":"closed","template":"full_width.php","meta":{"footnotes":""},"class_list":["post-3105","page","type-page","status-publish","hentry"],"_links":{"self":[{"href":"https:\/\/bellvitge.escolateresiana.com\/es\/wp-json\/wp\/v2\/pages\/3105","targetHints":{"allow":["GET"]}}],"collection":[{"href":"https:\/\/bellvitge.escolateresiana.com\/es\/wp-json\/wp\/v2\/pages"}],"about":[{"href":"https:\/\/bellvitge.escolateresiana.com\/es\/wp-json\/wp\/v2\/types\/page"}],"author":[{"embeddable":true,"href":"https:\/\/bellvitge.escolateresiana.com\/es\/wp-json\/wp\/v2\/users\/1"}],"replies":[{"embeddable":true,"href":"https:\/\/bellvitge.escolateresiana.com\/es\/wp-json\/wp\/v2\/comments?post=3105"}],"version-history":[{"count":5,"href":"https:\/\/bellvitge.escolateresiana.com\/es\/wp-json\/wp\/v2\/pages\/3105\/revisions"}],"predecessor-version":[{"id":3387,"href":"https:\/\/bellvitge.escolateresiana.com\/es\/wp-json\/wp\/v2\/pages\/3105\/revisions\/3387"}],"wp:attachment":[{"href":"https:\/\/bellvitge.escolateresiana.com\/es\/wp-json\/wp\/v2\/media?parent=3105"}],"curies":[{"name":"wp","href":"https:\/\/api.w.org\/{rel}","templated":true}]}}