{"id":3113,"date":"2022-06-01T10:38:40","date_gmt":"2022-06-01T10:38:40","guid":{"rendered":"https:\/\/bellvitge.escolateresiana.com\/atencion-a-la-diversidad\/"},"modified":"2024-05-16T09:28:55","modified_gmt":"2024-05-16T09:28:55","slug":"atencion-a-la-diversidad","status":"publish","type":"page","link":"https:\/\/bellvitge.escolateresiana.com\/es\/atencion-a-la-diversidad\/","title":{"rendered":"Atenci\u00f3n a la diversidad"},"content":{"rendered":"<p>[vc_row css_animation=\u00bb\u00bb row_type=\u00bbrow\u00bb use_row_as_full_screen_section=\u00bbno\u00bb type=\u00bbfull_width\u00bb angled_section=\u00bbno\u00bb text_align=\u00bbleft\u00bb background_image_as_pattern=\u00bbwithout_pattern\u00bb][vc_column][qode_elements_holder number_of_columns=\u00bbtwo_columns\u00bb][qode_elements_holder_item cover=\u00bbyes\u00bb advanced_animations=\u00bbno\u00bb item_padding=\u00bb0px 50px 0px 50px\u00bb background_image=\u00bb704&#8243; background_color=\u00bbrgba(255,255,255,0.71)\u00bb][vc_column_text]<\/p>\n<h3><strong><span style=\"color: #23406a;\">LA PERSONA EN EL CENTRO DE NUESTRA ACCI\u00d3N <\/span><br \/>\n<\/strong><\/h3>\n<p>[\/vc_column_text][vc_column_text]Acompa\u00f1amos de forma personalizada a cada uno de nuestros alumnos. Todos ellos son <strong>\u00fanicos<\/strong>. La <strong>diversidad<\/strong> es en s\u00ed misma enriquecedora y esto nos permite poner en juego propuestas pedag\u00f3gicas adecuadas a sus necesidades e intereses. Reconocemos el protagonismo del alumnado, favoreciendo su <strong>integraci\u00f3n<\/strong> y respetando los distintos ritmos de aprendizaje.[\/vc_column_text][vc_empty_space][vc_column_text]<\/p>\n<h3><span style=\"color: #23406a;\"><strong>RECONOCEMOS LA DIVERSIDAD COMO UNA RIQUEZA<\/strong><\/span><\/h3>\n<p>[\/vc_column_text][vc_column_text]La diversidad es una realidad y una riqueza. Apoyamos el proceso de ense\u00f1anza-aprendizaje de forma hol\u00edstica. El dise\u00f1o universal para el aprendizaje (DUA) aporta flexibilidad y es garant\u00eda de un desarrollo \u00f3ptimo en los distintos alumnos para seguir su propio camino de aprendizaje.[\/vc_column_text][\/qode_elements_holder_item][qode_elements_holder_item advanced_animations=\u00bbno\u00bb][vc_single_image image=\u00bb2852&#8243; img_size=\u00bbfull\u00bb qode_css_animation=\u00bb\u00bb][\/qode_elements_holder_item][\/qode_elements_holder][\/vc_column][\/vc_row][vc_row css_animation=\u00bb\u00bb row_type=\u00bbrow\u00bb use_row_as_full_screen_section=\u00bbno\u00bb type=\u00bbgrid\u00bb angled_section=\u00bbno\u00bb text_align=\u00bbleft\u00bb background_image_as_pattern=\u00bbwithout_pattern\u00bb z_index=\u00bb\u00bb padding_top=\u00bb60&#8243; padding_bottom=\u00bb60&#8243; css=\u00bb.vc_custom_1669019468561{background-color: #ffffff !important;}\u00bb][vc_column css_animation=\u00bbfadeIn\u00bb][vc_column_text]<\/p>\n<h3><span style=\"color: #23406a;\"><strong>INCLUSI\u00d3N<br \/>\n<\/strong><\/span><\/h3>\n<p>[\/vc_column_text][vc_column_text]Creemos en los valores de la <strong>inclusi\u00f3n<\/strong> y la <strong>equidad<\/strong>. Por eso adaptamos nuestra intervenci\u00f3n educativa a las necesidades de nuestro alumnado, implicando a todo el equipo en su acompa\u00f1amiento personal y la atenci\u00f3n acad\u00e9mica. Contamos con diferentes elementos y recursos para ello: profesores de apoyo en el aula, grupos reducidos, desdoblamientos y grupos flexibles, entre otros.<\/p>\n<p>&nbsp;<\/p>\n<p><strong>La inclusi\u00f3n implica valorar a la persona por lo que es y creer en sus posibilidades de desarrollo.<\/strong>[\/vc_column_text][vc_empty_space][\/vc_column][\/vc_row][vc_row css_animation=\u00bb\u00bb row_type=\u00bbrow\u00bb use_row_as_full_screen_section=\u00bbno\u00bb type=\u00bbgrid\u00bb angled_section=\u00bbno\u00bb text_align=\u00bbleft\u00bb background_image_as_pattern=\u00bbwithout_pattern\u00bb z_index=\u00bb\u00bb][vc_column][vc_empty_space][vc_column_text]Nuestro centro dispone tambi\u00e9n de los siguientes <strong>recursos<\/strong> para dar respuesta a la personalizaci\u00f3n del aprendizaje y dotar de herramientas y estrategias al profesorado, al alumnado y sus familias:[\/vc_column_text][vc_empty_space][\/vc_column][\/vc_row][vc_row css_animation=\u00bb\u00bb row_type=\u00bbrow\u00bb use_row_as_full_screen_section=\u00bbno\u00bb type=\u00bbgrid\u00bb angled_section=\u00bbno\u00bb text_align=\u00bbleft\u00bb background_image_as_pattern=\u00bbwithout_pattern\u00bb z_index=\u00bb\u00bb padding_top=\u00bb60&#8243; padding_bottom=\u00bb60&#8243;][vc_column css_animation=\u00bbfadeInDown\u00bb width=\u00bb1\/3&#8243;]<div class=\"q_box_holder with_icon\" style=\"background-color: #ffffff;\"><div class=\"box_holder_icon\"><div class=\"box_holder_icon_inner large image \" style=\"\"><img decoding=\"async\" itemprop=\"image\" style=\"\" src=\"https:\/\/bellvitge.escolateresiana.com\/wp-content\/uploads\/2022\/06\/2439655-150x150-1.png\" alt=\"\"><\/div><\/div><div class=\"box_holder_inner large center\"><h4 class=\"icon_title\" style=\"color: #45ac34;\">Equipo de orientaci\u00f3n psicopedag\u00f3gica<\/h4><span class=\"separator transparent\" style=\"margin: 8px 0;\"><\/span><p style=\"\"><\/p><\/div><\/div>[\/vc_column][vc_column css_animation=\u00bbfadeInDown\u00bb width=\u00bb1\/3&#8243;]<div class=\"q_box_holder with_icon\" style=\"background-color: #ffffff;\"><div class=\"box_holder_icon\"><div class=\"box_holder_icon_inner large image \" style=\"\"><img decoding=\"async\" itemprop=\"image\" style=\"\" src=\"https:\/\/bellvitge.escolateresiana.com\/wp-content\/uploads\/2022\/11\/1-1.png\" alt=\"\"><\/div><\/div><div class=\"box_holder_inner large center\"><h4 class=\"icon_title\" style=\"color: #45ac34;\">Logopeda<\/h4><span class=\"separator transparent\" style=\"margin: 8px 0;\"><\/span><p style=\"\"><\/p><\/div><\/div>[\/vc_column][vc_column css_animation=\u00bbfadeInDown\u00bb width=\u00bb1\/3&#8243;]<div class=\"q_box_holder with_icon\" style=\"background-color: #ffffff;\"><div class=\"box_holder_icon\"><div class=\"box_holder_icon_inner large image \" style=\"\"><img decoding=\"async\" itemprop=\"image\" style=\"\" src=\"https:\/\/bellvitge.escolateresiana.com\/wp-content\/uploads\/2022\/11\/3-1.png\" alt=\"\"><\/div><\/div><div class=\"box_holder_inner large center\"><h4 class=\"icon_title\" style=\"color: #45ac34;\">Especialistas de apoyo educativo<\/h4><span class=\"separator transparent\" style=\"margin: 8px 0;\"><\/span><p style=\"\"><\/p><\/div><\/div>[\/vc_column][\/vc_row][vc_row css_animation=\u00bb\u00bb row_type=\u00bbrow\u00bb use_row_as_full_screen_section=\u00bbno\u00bb type=\u00bbgrid\u00bb angled_section=\u00bbno\u00bb text_align=\u00bbleft\u00bb background_image_as_pattern=\u00bbwithout_pattern\u00bb z_index=\u00bb\u00bb padding_top=\u00bb60&#8243; padding_bottom=\u00bb60&#8243;][vc_column css_animation=\u00bbfadeInDown\u00bb width=\u00bb1\/3&#8243;][\/vc_column][vc_column css_animation=\u00bbfadeInDown\u00bb width=\u00bb1\/3&#8243;]<div class=\"q_box_holder with_icon\" style=\"background-color: #ffffff;\"><div class=\"box_holder_icon\"><div class=\"box_holder_icon_inner large image \" style=\"\"><img decoding=\"async\" itemprop=\"image\" style=\"\" src=\"https:\/\/bellvitge.escolateresiana.com\/wp-content\/uploads\/2022\/11\/2-1.png\" alt=\"\"><\/div><\/div><div class=\"box_holder_inner large center\"><h4 class=\"icon_title\" style=\"color: #45ac34;\">Aula de Apoyo Individualizado a la Educaci\u00f3n Inclusiva<\/h4><span class=\"separator transparent\" style=\"margin: 8px 0;\"><\/span><p style=\"\"><\/p><\/div><\/div>[\/vc_column][vc_column css_animation=\u00bbfadeInDown\u00bb width=\u00bb1\/3&#8243;][\/vc_column][\/vc_row][vc_row css_animation=\u00bb\u00bb row_type=\u00bbrow\u00bb use_row_as_full_screen_section=\u00bbno\u00bb type=\u00bbfull_width\u00bb angled_section=\u00bbno\u00bb text_align=\u00bbleft\u00bb background_image_as_pattern=\u00bbwithout_pattern\u00bb][vc_column][vc_gallery type=\u00bbimage_grid\u00bb images=\u00bb3047,3048,3049,3050&#8243; img_size=\u00bbfull\u00bb column_number=\u00bb4&#8243; grayscale=\u00bbno\u00bb images_space=\u00bbgallery_without_space\u00bb][\/vc_column][\/vc_row]<\/p>\n","protected":false},"excerpt":{"rendered":"<p>[vc_row css_animation=\u00bb\u00bb row_type=\u00bbrow\u00bb use_row_as_full_screen_section=\u00bbno\u00bb type=\u00bbfull_width\u00bb angled_section=\u00bbno\u00bb text_align=\u00bbleft\u00bb background_image_as_pattern=\u00bbwithout_pattern\u00bb][vc_column][qode_elements_holder number_of_columns=\u00bbtwo_columns\u00bb][qode_elements_holder_item cover=\u00bbyes\u00bb advanced_animations=\u00bbno\u00bb item_padding=\u00bb0px 50px 0px 50px\u00bb background_image=\u00bb704&#8243; background_color=\u00bbrgba(255,255,255,0.71)\u00bb][vc_column_text] LA PERSONA EN EL CENTRO DE NUESTRA ACCI\u00d3N [\/vc_column_text][vc_column_text]Acompa\u00f1amos de forma personalizada a cada uno de nuestros alumnos. Todos ellos son \u00fanicos. La diversidad es en s\u00ed misma&#8230;<\/p>\n","protected":false},"author":1,"featured_media":0,"parent":0,"menu_order":0,"comment_status":"closed","ping_status":"closed","template":"full_width.php","meta":{"footnotes":""},"class_list":["post-3113","page","type-page","status-publish","hentry"],"_links":{"self":[{"href":"https:\/\/bellvitge.escolateresiana.com\/es\/wp-json\/wp\/v2\/pages\/3113","targetHints":{"allow":["GET"]}}],"collection":[{"href":"https:\/\/bellvitge.escolateresiana.com\/es\/wp-json\/wp\/v2\/pages"}],"about":[{"href":"https:\/\/bellvitge.escolateresiana.com\/es\/wp-json\/wp\/v2\/types\/page"}],"author":[{"embeddable":true,"href":"https:\/\/bellvitge.escolateresiana.com\/es\/wp-json\/wp\/v2\/users\/1"}],"replies":[{"embeddable":true,"href":"https:\/\/bellvitge.escolateresiana.com\/es\/wp-json\/wp\/v2\/comments?post=3113"}],"version-history":[{"count":5,"href":"https:\/\/bellvitge.escolateresiana.com\/es\/wp-json\/wp\/v2\/pages\/3113\/revisions"}],"predecessor-version":[{"id":3406,"href":"https:\/\/bellvitge.escolateresiana.com\/es\/wp-json\/wp\/v2\/pages\/3113\/revisions\/3406"}],"wp:attachment":[{"href":"https:\/\/bellvitge.escolateresiana.com\/es\/wp-json\/wp\/v2\/media?parent=3113"}],"curies":[{"name":"wp","href":"https:\/\/api.w.org\/{rel}","templated":true}]}}