{"id":3134,"date":"2022-11-09T08:42:28","date_gmt":"2022-11-09T08:42:28","guid":{"rendered":"https:\/\/bellvitge.escolateresiana.com\/herramientas-tecnologicas\/"},"modified":"2024-05-23T08:32:11","modified_gmt":"2024-05-23T08:32:11","slug":"herramientas-tecnologicas","status":"publish","type":"page","link":"https:\/\/bellvitge.escolateresiana.com\/es\/herramientas-tecnologicas\/","title":{"rendered":"Herramientas tecnol\u00f3gicas"},"content":{"rendered":"<p>[vc_row css_animation=\u00bb\u00bb row_type=\u00bbrow\u00bb use_row_as_full_screen_section=\u00bbno\u00bb type=\u00bbfull_width\u00bb angled_section=\u00bbno\u00bb text_align=\u00bbleft\u00bb background_image_as_pattern=\u00bbwithout_pattern\u00bb css=\u00bb.vc_custom_1669019966897{background-color: #ffffff !important;}\u00bb z_index=\u00bb\u00bb][vc_column][qode_elements_holder number_of_columns=\u00bbtwo_columns\u00bb][qode_elements_holder_item advanced_animations=\u00bbno\u00bb][vc_single_image image=\u00bb2873&#8243; img_size=\u00bbfull\u00bb qode_css_animation=\u00bb\u00bb][\/qode_elements_holder_item][qode_elements_holder_item advanced_animations=\u00bbno\u00bb item_padding=\u00bb0px 30px 0px 30px\u00bb][vc_column_text]<\/p>\n<div>\n<h2>USO DE LAS TIC-TAC:<\/h2>\n<p>&nbsp;<\/p>\n<h4>TECNOLOG\u00cdAS DE LA INFORMACI\u00d3N Y LA COMUNICACI\u00d3N &#8211; TECNOLOG\u00cdAS DEL APRENDIZAJE Y EL CONOCIMIENTO<\/h4>\n<p>&nbsp;<\/p>\n<p>Las TIC son una realidad en la sociedad actual. Ordenadores, tabletas y otras herramientas digitales conviven con los libros en el aula para estimular al alumnado. Concebimos las tecnolog\u00edas como soporte pedag\u00f3gico fundamental en los procesos de ense\u00f1anza-aprendizaje. El uso <strong>responsable de las herramientas digitales <\/strong>en el aula posibilita un cambio metodol\u00f3gico, que precisa el desarrollo de competencias espec\u00edficas, el sentido cr\u00edtico y la capacidad de discernir en nuestro alumnado.<\/p>\n<p>Formar al alumnado para que alcance una buena competencia digital les permite abrirse al mundo, trabajar en red e interconectados.<\/p>\n<\/div>\n<div>\n<h2><span style=\"font-weight: 400;\"><span lang=\"es\"><img loading=\"lazy\" decoding=\"async\" class=\"size-full wp-image-1298 alignleft\" src=\"https:\/\/bellvitge.escolateresiana.com\/wp-content\/uploads\/2022\/11\/educacion-digital.jpg\" alt=\"\" width=\"251\" height=\"89\" \/><\/span><\/span><\/h2>\n<\/div>\n<p>[\/vc_column_text][\/qode_elements_holder_item][\/qode_elements_holder][\/vc_column][\/vc_row][vc_row css_animation=\u00bb\u00bb row_type=\u00bbrow\u00bb use_row_as_full_screen_section=\u00bbno\u00bb type=\u00bbfull_width\u00bb angled_section=\u00bbno\u00bb text_align=\u00bbleft\u00bb background_image_as_pattern=\u00bbwithout_pattern\u00bb z_index=\u00bb\u00bb css=\u00bb.vc_custom_1673432544889{background-image: url(https:\/\/bellvitge.escolateresiana.com\/wp-content\/uploads\/2022\/05\/fondo.png?id=704) !important;}\u00bb padding_bottom=\u00bb60&#8243;][vc_column][vc_empty_space height=\u00bb80px\u00bb][vc_row_inner row_type=\u00bbrow\u00bb type=\u00bbgrid\u00bb text_align=\u00bbleft\u00bb css_animation=\u00bbelement_from_top\u00bb][vc_column_inner width=\u00bb1\/2&#8243;]<div class=\"q_box_holder with_icon\" style=\"background-color: rgba(255,255,255,0.6);\"><div class=\"box_holder_icon\"><div class=\"box_holder_icon_inner very_large image \" style=\"\"><img decoding=\"async\" itemprop=\"image\" style=\"\" src=\"https:\/\/bellvitge.escolateresiana.com\/wp-content\/uploads\/2022\/11\/22.png\" alt=\"\"><\/div><\/div><div class=\"box_holder_inner very_large center\"><h3 class=\"icon_title\" style=\"color: #45ac34;\">COMPETENCIA DIGITAL<\/h3><span class=\"separator transparent\" style=\"margin: 8px 0;\"><\/span><p style=\"\">Nuestros chicos y chicas deben ser digitalmente competentes al terminar su etapa escolar porque, en un futuro, necesitar\u00e1n hacer uso de estas herramientas. De forma progresiva e interdisciplinar, van aprendiendo a utilizar con destreza los programas de edici\u00f3n de textos, hojas de c\u00e1lculo, editores de v\u00eddeo y audio, aplicaciones de dise\u00f1o gr\u00e1fico, etc. La tecnolog\u00eda se convierte en una herramienta de soporte que aprenden a utilizar de forma segura y responsable.<\/p><\/div><\/div>[\/vc_column_inner][vc_column_inner width=\u00bb1\/2&#8243;]<div class=\"q_box_holder with_icon\" style=\"background-color: rgba(255,255,255,0.6);\"><div class=\"box_holder_icon\"><div class=\"box_holder_icon_inner very_large image \" style=\"\"><img decoding=\"async\" itemprop=\"image\" style=\"\" src=\"https:\/\/bellvitge.escolateresiana.com\/wp-content\/uploads\/2022\/11\/11.png\" alt=\"\"><\/div><\/div><div class=\"box_holder_inner very_large center\"><h3 class=\"icon_title\" style=\"color: #45ac34;\">ROB\u00d3TICA y PROGRAMACI\u00d3N<\/h3><span class=\"separator transparent\" style=\"margin: 8px 0;\"><\/span><p style=\"\">La aplicaci\u00f3n de las competencias digitales y el razonamiento l\u00f3gico conforman el n\u00facleo de las habilidades trabajadas en rob\u00f3tica y programaci\u00f3n. El alumnado de Secundaria potencia estas destrezas en el marco de las materias de tecnolog\u00eda y la optativa de rob\u00f3tica.<\/p><\/div><\/div>[\/vc_column_inner][\/vc_row_inner][vc_empty_space height=\u00bb80px\u00bb][vc_row_inner row_type=\u00bbrow\u00bb type=\u00bbgrid\u00bb text_align=\u00bbleft\u00bb css_animation=\u00bbelement_from_bottom\u00bb][vc_column_inner width=\u00bb1\/2&#8243;]<div class=\"q_box_holder with_icon\" style=\"background-color: rgba(255,255,255,0.6);\"><div class=\"box_holder_icon\"><div class=\"box_holder_icon_inner very_large image \" style=\"\"><img decoding=\"async\" itemprop=\"image\" style=\"\" src=\"https:\/\/bellvitge.escolateresiana.com\/wp-content\/uploads\/2022\/11\/33.png\" alt=\"\"><\/div><\/div><div class=\"box_holder_inner very_large center\"><h3 class=\"icon_title\" style=\"color: #45ac34;\">EQUIPAMIENTO<\/h3><span class=\"separator transparent\" style=\"margin: 8px 0;\"><\/span><p style=\"\">Nuestras aulas est\u00e1n equipadas con pizarras digitales o pantallas, proyectores y ordenadores. Adem\u00e1s contamos con dispositivos para el uso personal del alumnado: tablets y ordenadores port\u00e1tiles de uso compartido en EP y ordenadores port\u00e1tiles personales a lo largo de toda la Secundaria. El centro tambi\u00e9n cuenta con un aula de inform\u00e1tica y un aula exclusiva para rob\u00f3tica y programaci\u00f3n.<\/p><\/div><\/div>[\/vc_column_inner][vc_column_inner width=\u00bb1\/2&#8243;]<div class=\"q_box_holder with_icon\" style=\"background-color: rgba(255,255,255,0.6);\"><div class=\"box_holder_icon\"><div class=\"box_holder_icon_inner very_large image \" style=\"\"><img decoding=\"async\" itemprop=\"image\" style=\"\" src=\"https:\/\/bellvitge.escolateresiana.com\/wp-content\/uploads\/2022\/11\/44.png\" alt=\"\"><\/div><\/div><div class=\"box_holder_inner very_large center\"><h3 class=\"icon_title\" style=\"color: #45ac34;\">RESPONSABILIDAD DIGITAL<\/h3><span class=\"separator transparent\" style=\"margin: 8px 0;\"><\/span><p style=\"\">Formamos a nuestro alumnado en el uso seguro, responsable y cr\u00edtico de internet y de las diferentes herramientas inform\u00e1ticas. Nuestros chicos y chicas aprenden a identificar y evitar los riesgos presentes en la red.<\/p><\/div><\/div>[\/vc_column_inner][\/vc_row_inner][vc_empty_space height=\u00bb50px\u00bb][\/vc_column][\/vc_row][vc_row css_animation=\u00bb\u00bb row_type=\u00bbrow\u00bb use_row_as_full_screen_section=\u00bbno\u00bb type=\u00bbfull_width\u00bb angled_section=\u00bbno\u00bb text_align=\u00bbleft\u00bb background_image_as_pattern=\u00bbwithout_pattern\u00bb][vc_column][vc_gallery type=\u00bbimage_grid\u00bb images=\u00bb2874,2875,2876,2877&#8243; img_size=\u00bbfull\u00bb column_number=\u00bb4&#8243; grayscale=\u00bbno\u00bb images_space=\u00bbgallery_without_space\u00bb][\/vc_column][\/vc_row]<\/p>\n","protected":false},"excerpt":{"rendered":"<p>[vc_row css_animation=\u00bb\u00bb row_type=\u00bbrow\u00bb use_row_as_full_screen_section=\u00bbno\u00bb type=\u00bbfull_width\u00bb angled_section=\u00bbno\u00bb text_align=\u00bbleft\u00bb background_image_as_pattern=\u00bbwithout_pattern\u00bb css=\u00bb.vc_custom_1669019966897{background-color: #ffffff !important;}\u00bb z_index=\u00bb\u00bb][vc_column][qode_elements_holder number_of_columns=\u00bbtwo_columns\u00bb][qode_elements_holder_item advanced_animations=\u00bbno\u00bb][vc_single_image image=\u00bb2873&#8243; img_size=\u00bbfull\u00bb qode_css_animation=\u00bb\u00bb][\/qode_elements_holder_item][qode_elements_holder_item advanced_animations=\u00bbno\u00bb item_padding=\u00bb0px 30px 0px 30px\u00bb][vc_column_text] USO DE LAS TIC-TAC: &nbsp; TECNOLOG\u00cdAS DE LA INFORMACI\u00d3N Y LA COMUNICACI\u00d3N &#8211; TECNOLOG\u00cdAS DEL APRENDIZAJE Y EL CONOCIMIENTO &nbsp; Las TIC son&#8230;<\/p>\n","protected":false},"author":1,"featured_media":0,"parent":0,"menu_order":0,"comment_status":"closed","ping_status":"closed","template":"full_width.php","meta":{"footnotes":""},"class_list":["post-3134","page","type-page","status-publish","hentry"],"_links":{"self":[{"href":"https:\/\/bellvitge.escolateresiana.com\/es\/wp-json\/wp\/v2\/pages\/3134","targetHints":{"allow":["GET"]}}],"collection":[{"href":"https:\/\/bellvitge.escolateresiana.com\/es\/wp-json\/wp\/v2\/pages"}],"about":[{"href":"https:\/\/bellvitge.escolateresiana.com\/es\/wp-json\/wp\/v2\/types\/page"}],"author":[{"embeddable":true,"href":"https:\/\/bellvitge.escolateresiana.com\/es\/wp-json\/wp\/v2\/users\/1"}],"replies":[{"embeddable":true,"href":"https:\/\/bellvitge.escolateresiana.com\/es\/wp-json\/wp\/v2\/comments?post=3134"}],"version-history":[{"count":13,"href":"https:\/\/bellvitge.escolateresiana.com\/es\/wp-json\/wp\/v2\/pages\/3134\/revisions"}],"predecessor-version":[{"id":3433,"href":"https:\/\/bellvitge.escolateresiana.com\/es\/wp-json\/wp\/v2\/pages\/3134\/revisions\/3433"}],"wp:attachment":[{"href":"https:\/\/bellvitge.escolateresiana.com\/es\/wp-json\/wp\/v2\/media?parent=3134"}],"curies":[{"name":"wp","href":"https:\/\/api.w.org\/{rel}","templated":true}]}}