{"id":3140,"date":"2022-11-28T08:41:49","date_gmt":"2022-11-28T08:41:49","guid":{"rendered":"https:\/\/bellvitge.escolateresiana.com\/politica-de-cookies\/"},"modified":"2024-05-07T14:07:09","modified_gmt":"2024-05-07T14:07:09","slug":"politica-de-cookies","status":"publish","type":"page","link":"https:\/\/bellvitge.escolateresiana.com\/es\/politica-de-cookies\/","title":{"rendered":"Pol\u00edtica de cookies"},"content":{"rendered":"<p>[vc_row css_animation=\u00bb\u00bb row_type=\u00bbrow\u00bb use_row_as_full_screen_section=\u00bbno\u00bb type=\u00bbfull_width\u00bb angled_section=\u00bbno\u00bb text_align=\u00bbleft\u00bb background_image_as_pattern=\u00bbwithout_pattern\u00bb css=\u00bb.vc_custom_1668513887615{background-color: #ffffff !important;}\u00bb z_index=\u00bb\u00bb][vc_column][vc_empty_space][\/vc_column][\/vc_row][vc_row css_animation=\u00bbelement_from_right\u00bb row_type=\u00bbrow\u00bb use_row_as_full_screen_section=\u00bbno\u00bb type=\u00bbgrid\u00bb angled_section=\u00bbno\u00bb text_align=\u00bbleft\u00bb background_image_as_pattern=\u00bbwithout_pattern\u00bb css=\u00bb.vc_custom_1668513236165{background-color: #ffffff !important;}\u00bb z_index=\u00bb\u00bb][vc_column css=\u00bb.vc_custom_1668684558080{padding-top: 30px !important;padding-right: 30px !important;padding-bottom: 30px !important;padding-left: 30px !important;background-position: center !important;background-repeat: no-repeat !important;background-size: cover !important;}\u00bb][vc_column_text]Siguiendo las directrices de la Agencia Espa\u00f1ola de Protecci\u00f3n de Datos procedemos a detallar el uso de cookies que realiza esta web con el fin de informarle con la m\u00e1xima exactitud posible.<\/p>\n<p>El sitio web de FUNDACI\u00d3N ESCUELA TERESIANA, utiliza cookies y\/u otros archivos de funcionalidad similar (en adelante, las \u201cCookies\u201d) para mejorar su experiencia de usuario. Esta pol\u00edtica puede ser actualizada, por lo que le invitamos a revisarla de forma regular.<\/p>\n<p>\u00bfQu\u00e9 son las cookies?<\/p>\n<p>Son peque\u00f1os archivos de datos que el servidor de Internet env\u00eda al dispositivo con el que te conectas a nuestras webs y que \u00e9ste archiva. Se asocian \u00fanicamente a su navegador y no proporcionan por s\u00ed mismos datos personales. Las cookies no pueden da\u00f1ar su dispositivo y adem\u00e1s son muy \u00fatiles, puesto que nos ayudan a identificar y resolver errores.<\/p>\n<p>Al navegar por este sitio web se utilizan cookies de sesi\u00f3n y cookies persistentes que, a su vez, pueden ser cookies propias y\/o de terceros.<\/p>\n<p>Las cookies de sesi\u00f3n son cookies dise\u00f1adas para recabar y almacenar datos mientras el usuario accede a una p\u00e1gina web. Se suelen utilizar para almacenar informaci\u00f3n que s\u00f3lo interesa conservar para la prestaci\u00f3n del servicio solicitado por el usuario en una sola ocasi\u00f3n. Es decir, son temporales y desaparecen al finalizar la sesi\u00f3n.<\/p>\n<p>Las cookies persistentes son un tipo de cookies en las que los datos siguen almacenados en el terminal ya los que se puede acceder y tratar durante un per\u00edodo definido por el responsable de la cookie, y que puede ir de unos minutos a varios a\u00f1os.<\/p>\n<p>Las cookies propias son las creadas o gestionadas por el responsable de la p\u00e1gina web (FUNDACI\u00d3N ESCUELA TERESIANA).<\/p>\n<p>Las cookies de terceros son las administradas por prestadores de servicios t\u00e9cnicos, de an\u00e1lisis, redes sociales, de personalizaci\u00f3n y de publicidad (incluida publicidad comportamental) ajenos a FUNDACI\u00d3N ESCUELA TERESIANA<\/p>\n<p>\u00bfQu\u00e9 tipos de cookies podemos utilizar?<\/p>\n<p>COOKIES PROPIAS<\/p>\n<p>Finalidad T\u00e9cnica:<\/p>\n<p>\u00daltima conexi\u00f3n del usuario para navegar por las webs del sitio y utilizar sus diferentes opciones o servicios. Nunca se utilizar\u00e1n para recopilar informaci\u00f3n con el objetivo de mostrarle publicidad personalizada.<\/p>\n<p>Un identificador de usuario por sesi\u00f3n, la fecha y hora de la \u00faltima conexi\u00f3n del usuario y los par\u00e1metros necesarios para navegar entre la web de empresas y la de particulares.<\/p>\n<p>Finalidad An\u00e1lisis:<\/p>\n<p>Sirven para analizar los h\u00e1bitos de navegaci\u00f3n de los usuarios, con el objetivo de optimizar las funcionalidades y mantenimiento t\u00e9cnico y operativo de las webs del sitio y garantizar el mejor servicio posible. Nunca se utilizar\u00e1n para mostrar anuncios personalizados, ni para recordar las preferencias del usuario m\u00e1s all\u00e1 de la sesi\u00f3n.<\/p>\n<p>Perfil tecnol\u00f3gico del dispositivo, origen del acceso a la web, actividad de navegaci\u00f3n y t\u00e9rminos de b\u00fasqueda utilizados.<\/p>\n<p>Para realizar estos an\u00e1lisis utilizamos el servicio Google Analitycs: Google Analitycs almacena cookies para poder elaborar estad\u00edsticas sobre el tr\u00e1fico y volumen de visitas de esta web. Al utilizar este sitio web est\u00e1 consintiendo el tratamiento de informaci\u00f3n sobre usted por Google. Las condiciones de estos servicios pueden consultarse en la siguiente direcci\u00f3n: <a href=\"https:\/\/developers.google.com\/analytics\/devguides\/collection\/analyticsjs\/cookie-usage.\">https:\/\/developers.google.com\/analytics\/devguides\/collection\/analyticsjs\/cookie-usage.<\/a><\/p>\n<p>Publicidad comportamental:<\/p>\n<p>Son aquellas que permiten almacenar informaci\u00f3n del comportamiento de los usuarios obtenida a trav\u00e9s de la continua observaci\u00f3n de sus h\u00e1bitos de navegaci\u00f3n, lo que permite desarrollar un perfil espec\u00edfico de usuario. De esta forma, se utilizan para personalizar las campa\u00f1as publicitarias que se ajusten a las preferencias del usuario.<\/p>\n<p>COOKIES DE TERCEROS<\/p>\n<p>Finalidad T\u00e9cnica:<\/p>\n<p>Son aquellas que permiten al usuario la navegaci\u00f3n a trav\u00e9s de la p\u00e1gina web y la utilizaci\u00f3n de las diferentes opciones o servicios que en ella existan como, por ejemplo, almacenar contenidos para la difusi\u00f3n de v\u00eddeos o sonido o compartir contenidos a trav\u00e9s de redes sociales.<\/p>\n<p>Finalidad An\u00e1lisis:<\/p>\n<p>Son aqu\u00e9llas que permiten el seguimiento y an\u00e1lisis del comportamiento de los usuarios de la p\u00e1gina web, para la elaboraci\u00f3n de perfiles de navegaci\u00f3n, con el fin de introducir mejoras en funci\u00f3n del an\u00e1lisis de los datos de uso que se realice sobre la web. Entre otros datos, un identificador de usuario por sesi\u00f3n y la fecha de primera conexi\u00f3n a la web y de la ocasi\u00f3n anterior en la que accedi\u00f3 a la web.<\/p>\n<p>Finalidad Personalizaci\u00f3n:<\/p>\n<p>Entre otros datos, el idioma en el que se ha accedido a la web y cargado la aplicaci\u00f3n y, a la hora de reproducir un v\u00eddeo, la opci\u00f3n de volumen o la resoluci\u00f3n seleccionada por el usuario.<\/p>\n<p>Permiten especificar o personalizar algunas caracter\u00edsticas de las opciones generales del usuario en la p\u00e1gina Web. En concreto el idioma preferido por el usuario, el tipo de navegador a trav\u00e9s del cual se accede o las opciones de volumen en los v\u00eddeos preferidos por el usuario.<\/p>\n<p>Finalidad Publicidad:<\/p>\n<p>Son aqu\u00e9llas que permiten la gesti\u00f3n de los espacios publicitarios incluidos en la p\u00e1gina web, aplicaci\u00f3n o plataforma desde la que presta el servicio solicitado en base a criterios como el contenido editado o la frecuencia en la que se muestran los anuncios. De esta forma, ayudan a mejorar y gestionar la exposici\u00f3n del usuario a anuncios publicitarios, evitando que aparezcan anuncios que el usuario ya ha visto.<\/p>\n<p>Finalidad Publicidad Comportamental:<\/p>\n<p>Son aquellas que permiten almacenar informaci\u00f3n del comportamiento de los usuarios obtenida a trav\u00e9s de la observaci\u00f3n continuada de sus h\u00e1bitos de navegaci\u00f3n, lo que permite desarrollar un perfil especifico del usuario. De esta forma, se utilizan para personalizar las campa\u00f1as publicitarias que se ajusten a las preferencias del usuario.<\/p>\n<p>Redes sociales:<\/p>\n<p>Cada red social utiliza sus propias cookies para que usted pueda pinchar en botones del tipo Me gusta o Compartir.<\/p>\n<p>Autorizaci\u00f3n para el uso de cookies<\/p>\n<p>De conformidad con el aviso de cookies que aparece en el sitio web, el usuario o visitante de los mismos acepta que, al navegar por \u00e9ste, consiente expresamente el uso de cookies seg\u00fan la descripci\u00f3n que se detalla a continuaci\u00f3n, salvo en la medida que haya modificado la configuraci\u00f3n de su navegador para rechazar la utilizaci\u00f3n de \u00e9stas.<\/p>\n<p>Configuraci\u00f3n de las Cookies<\/p>\n<p>Los navegadores m\u00e1s populares tienen opciones de configuraci\u00f3n y funcionalidades de seguridad que te permiten evitar la instalaci\u00f3n de cookies y\/u otros sistemas de recogida de datos de navegaci\u00f3n en tu dispositivo. Puedes configurar tu navegador para que rechace las cookies, pero esto (en funci\u00f3n de las finalidades de las cookies) podr\u00eda impedirte, total o parcialmente, el normal funcionamiento de la p\u00e1gina web o que impida el acceso a algunos servicios de la misma . Por ejemplo, podr\u00eda impedir realizar ciertas transacciones, usar determinadas funcionalidades o tener acceso a algunos contenidos de nuestras webs.<\/p>\n<p>Para la configuraci\u00f3n de las Cookies dependiendo del navegador en el que te encuentres puedes acceder a:<\/p>\n<p>Internet Explorer: Eliminar y administrar cookies<br \/>\nMozilla Firefox: Borrar Cookies; Impedir que los sitios web guarden sus preferencias o estados de sesi\u00f3n en Firefox<br \/>\nGoogle Chrome: C\u00f3mo administrar cookies y datos de sitios<\/p>\n<p>De la misma forma, si no desea que el c\u00f3digo JavaScript de Google Analytics recopile los datos de su visita puede instalar el complemento de inhabilitaci\u00f3n para navegadores de Google Analytics: <a href=\"https:\/\/tools.google.com\/dlpage\/gaoptout.\">https:\/\/tools.google.com\/dlpage\/ gaoptout.<\/a><\/p>\n<p>El complemento no evita que la informaci\u00f3n se env\u00ede al sitio web o, por otras v\u00edas, a otros servicios de anal\u00edtica web.<\/p>\n<p>Si utiliza cualquier otro navegador, o los enlaces proporcionados no contienen la informaci\u00f3n que desea, puede localizar c\u00f3mo gestionar las cookies que se instalan en su equipo accediendo al men\u00fa \u201cOpciones\u201d o \u201cConfiguraci\u00f3n\u201d \u2013o equivalente- del navegador, o bien consultando la secci\u00f3n de \u201cAyuda\u201d o \u201cApoyo\u201d del propio navegador.<\/p>\n<p>Existen navegadores que permiten configurar reglas espec\u00edficas \u2013excepciones- para administrar las cookies por sitio web, de modo que pueden inhabilitarse las cookies de todos los sitios excepto de aquellos en los que se conf\u00ede.<\/p>\n<p>En caso de bloquear o desactivar el uso de &#8216;cookies&#8217; en su navegador, es posible que algunos servicios o funcionalidades de la p\u00e1gina web no est\u00e9n disponibles.<\/p>\n<p>Recuerde que debes configurar sus preferencias en todos los dispositivos que utilices para navegar por internet.<\/p>\n<p>Puede revocar el uso de cookies en tu navegador a trav\u00e9s de las indicaciones anteriores o mediante la instalaci\u00f3n de un sistema de desecho en tu navegador web.<\/p>\n<p>Actualizaciones y cambios en la Pol\u00edtica de Cookies<\/p>\n<p>FUNDACI\u00d3N ESCUELA TERESIANA, puede modificar esta Pol\u00edtica de Cookies en funci\u00f3n de nuevas exigencias legislativas, reglamentarias, o con el fin de adaptar esta pol\u00edtica a las instrucciones dictadas por la Agencia Espa\u00f1ola de Protecci\u00f3n de Datos.<\/p>\n<p>Cuando se produzcan cambios significativos en esta Pol\u00edtica de Cookies se te comunicar\u00e1 mediante aviso informativo en la p\u00e1gina web.<\/p>\n<p>Si desea m\u00e1s informaci\u00f3n sobre qu\u00e9 uso hacemos de las Cookies, puedes contactar a trav\u00e9s de la direcci\u00f3n: <span id=\"cloak5d3446f46044dd999ba053ede1445528\"><a href=\"mailto:fundacion@escuelateresiana.com\">fundacion@escuelateresiana.com<\/a><\/span><\/p>\n<h3><\/h3>\n<h3><\/h3>\n<p><span style=\"font-size: 16px;\">CONSENTIMIENTO<\/span><\/p>\n<p>En FUNDACI\u00d3N ESCUELA TERESIANA, nunca guardamos los datos personales de nuestros usuarios, a excepci\u00f3n de la direcci\u00f3n IP de acuerdo con lo descrito anteriormente, salvo que quiera registrarse de forma voluntaria con el fin de contratar los servicios que ponemos en su disposici\u00f3n o recibir informaci\u00f3n sobre contenidos de su inter\u00e9s.<\/p>\n<p>Al navegar y continuar en nuestra web nos indica que est\u00e1 consintiendo el uso de cookies antes enunciadas, y en las condiciones contenidas en la presente Pol\u00edtica de Cookies.<\/p>\n<p>Si desea revocar el consentimiento prestado deber\u00e1 eliminar las cookies instaladas. Para evitar que se instalen en el futuro deber\u00e1 activar las opciones de Navegaci\u00f3n Privada o \u201cDo-Not-Track\u201d previstas en su navegador, es decir, bloquear o desactivar la instalaci\u00f3n de cookies.<\/p>\n<p>Notas adicionales<\/p>\n<p>Ni esta web ni sus representantes legales se hacen responsables ni del contenido ni de la veracidad de las pol\u00edticas de privacidad que puedan tener los terceros citados en esta pol\u00edtica de cookies.<\/p>\n<p>Los navegadores web son las herramientas encargadas de almacenar las cookies y desde este sitio debe efectuar su derecho a eliminaci\u00f3n o desactivaci\u00f3n de \u00e9stas. Ni esta web ni sus representantes legales pueden garantizar la correcta o incorrecta manipulaci\u00f3n de las cookies por parte de dichos navegadores.<\/p>\n<p>En algunos casos es necesario instalar cookies para que el navegador no olvide su decisi\u00f3n de no aceptaci\u00f3n de \u00e9stas.<\/p>\n<p>En el caso de las cookies de Google Analytics, esta empresa almacena las cookies en servidores situados en Estados Unidos y se compromete a no compartirla con terceros, salvo en los casos en los que sea necesario para el funcionamiento del sistema o cuando la ley obligue a tal efecto. Seg\u00fan Google no guarda su direcci\u00f3n IP. Google Inc. es una compa\u00f1\u00eda adherida al Acuerdo de Port Segur que garantiza que todos los datos transferidos ser\u00e1n tratados con un nivel de protecci\u00f3n acorde a la normativa europea.<\/p>\n<p>Para cualquier duda o consulta sobre esta pol\u00edtica de cookies no dude en comunicarse con nosotros a trav\u00e9s de la direcci\u00f3n: <span id=\"cloak605b0e1e560e8709d7c7d207dad99e20\" style=\"font-size: 16px;\"><a href=\"mailto:fundacion@escuelateresiana.com\">fundacion@escuelateresiana.com<\/a><\/span><\/p>\n<p>Pol\u00edtica actualizada en mayo de 2018[\/vc_column_text][\/vc_column][\/vc_row][vc_row css_animation=\u00bb\u00bb row_type=\u00bbrow\u00bb use_row_as_full_screen_section=\u00bbno\u00bb type=\u00bbfull_width\u00bb angled_section=\u00bbno\u00bb text_align=\u00bbleft\u00bb background_image_as_pattern=\u00bbwithout_pattern\u00bb css=\u00bb.vc_custom_1668513895281{background-color: #ffffff !important;}\u00bb z_index=\u00bb\u00bb][vc_column][vc_empty_space][\/vc_column][\/vc_row]<\/p>\n","protected":false},"excerpt":{"rendered":"<p>[vc_row css_animation=\u00bb\u00bb row_type=\u00bbrow\u00bb use_row_as_full_screen_section=\u00bbno\u00bb type=\u00bbfull_width\u00bb angled_section=\u00bbno\u00bb text_align=\u00bbleft\u00bb background_image_as_pattern=\u00bbwithout_pattern\u00bb css=\u00bb.vc_custom_1668513887615{background-color: #ffffff !important;}\u00bb z_index=\u00bb\u00bb][vc_column][vc_empty_space][\/vc_column][\/vc_row][vc_row css_animation=\u00bbelement_from_right\u00bb row_type=\u00bbrow\u00bb use_row_as_full_screen_section=\u00bbno\u00bb type=\u00bbgrid\u00bb angled_section=\u00bbno\u00bb text_align=\u00bbleft\u00bb background_image_as_pattern=\u00bbwithout_pattern\u00bb css=\u00bb.vc_custom_1668513236165{background-color: #ffffff !important;}\u00bb z_index=\u00bb\u00bb][vc_column css=\u00bb.vc_custom_1668684558080{padding-top: 30px !important;padding-right: 30px !important;padding-bottom: 30px !important;padding-left: 30px !important;background-position: center !important;background-repeat: no-repeat !important;background-size: cover !important;}\u00bb][vc_column_text]Siguiendo las directrices de la Agencia Espa\u00f1ola de&#8230;<\/p>\n","protected":false},"author":1,"featured_media":0,"parent":0,"menu_order":0,"comment_status":"closed","ping_status":"closed","template":"full_width.php","meta":{"footnotes":""},"class_list":["post-3140","page","type-page","status-publish","hentry"],"_links":{"self":[{"href":"https:\/\/bellvitge.escolateresiana.com\/es\/wp-json\/wp\/v2\/pages\/3140","targetHints":{"allow":["GET"]}}],"collection":[{"href":"https:\/\/bellvitge.escolateresiana.com\/es\/wp-json\/wp\/v2\/pages"}],"about":[{"href":"https:\/\/bellvitge.escolateresiana.com\/es\/wp-json\/wp\/v2\/types\/page"}],"author":[{"embeddable":true,"href":"https:\/\/bellvitge.escolateresiana.com\/es\/wp-json\/wp\/v2\/users\/1"}],"replies":[{"embeddable":true,"href":"https:\/\/bellvitge.escolateresiana.com\/es\/wp-json\/wp\/v2\/comments?post=3140"}],"version-history":[{"count":8,"href":"https:\/\/bellvitge.escolateresiana.com\/es\/wp-json\/wp\/v2\/pages\/3140\/revisions"}],"predecessor-version":[{"id":3212,"href":"https:\/\/bellvitge.escolateresiana.com\/es\/wp-json\/wp\/v2\/pages\/3140\/revisions\/3212"}],"wp:attachment":[{"href":"https:\/\/bellvitge.escolateresiana.com\/es\/wp-json\/wp\/v2\/media?parent=3140"}],"curies":[{"name":"wp","href":"https:\/\/api.w.org\/{rel}","templated":true}]}}