{"id":3164,"date":"2023-11-28T08:25:16","date_gmt":"2023-11-28T08:25:16","guid":{"rendered":"https:\/\/bellvitge.escolateresiana.com\/canal-de-denuncias\/"},"modified":"2024-05-07T14:07:10","modified_gmt":"2024-05-07T14:07:10","slug":"canal-de-denuncias","status":"publish","type":"page","link":"https:\/\/bellvitge.escolateresiana.com\/es\/canal-de-denuncias\/","title":{"rendered":"Canal de denuncias"},"content":{"rendered":"<p>[vc_row css_animation=\u00bb\u00bb row_type=\u00bbrow\u00bb use_row_as_full_screen_section=\u00bbno\u00bb type=\u00bbfull_width\u00bb angled_section=\u00bbno\u00bb text_align=\u00bbleft\u00bb background_image_as_pattern=\u00bbwithout_pattern\u00bb css=\u00bb.vc_custom_1668513887615{background-color: #ffffff !important;}\u00bb z_index=\u00bb\u00bb][vc_column][vc_empty_space][\/vc_column][\/vc_row][vc_row css_animation=\u00bbelement_from_right\u00bb row_type=\u00bbrow\u00bb use_row_as_full_screen_section=\u00bbno\u00bb type=\u00bbgrid\u00bb angled_section=\u00bbno\u00bb text_align=\u00bbleft\u00bb background_image_as_pattern=\u00bbwithout_pattern\u00bb css=\u00bb.vc_custom_1668513236165{background-color: #ffffff !important;}\u00bb z_index=\u00bb\u00bb][vc_column css=\u00bb.vc_custom_1668684558080{padding-top: 30px !important;padding-right: 30px !important;padding-bottom: 30px !important;padding-left: 30px !important;background-position: center !important;background-repeat: no-repeat !important;background-size: cover !important;}\u00bb][vc_column_text]La <strong>Fundaci\u00f3n Escuela Teresiana<\/strong> , entidad titular de este centro educativo, ha habilitado la direcci\u00f3n web <a href=\"https:\/\/www.responsabilidadpenal.com\/canal-de-denuncias\">https:\/\/www.responsabilidadpenal.com\/canal-de-denuncias<\/a> como herramienta clave y con el fin de facilitar un mecanismo objetivo y eficaz para que cualquier persona que se relacione con la misma pueda informar de:<\/p>\n<p>&nbsp;<\/p>\n<ol>\n<li>Cualquier hecho, indicio, irregularidad, riesgo o conocimiento de posibles delitos y\/o incumplimientos normativos en su \u00e1mbito y operatividad.<\/li>\n<li>Cualquier acci\u00f3n contraria a las pol\u00edticas, protocolos, procedimientos y c\u00f3digos internos que se tengan instaurados en materia de compliance.<\/li>\n<li>Cualquier indicio, sospecha o evidencia de comportamiento no \u00e9tico, discriminatorio, contrario a la igualdad de las personas y posible acoso laboral y\/o sexual.<\/li>\n<li>Cualquier operaci\u00f3n sospechosa, incidencia o riesgo en materia de \u201cprevenci\u00f3n del blanqueo de capitales y financiaci\u00f3n del terrorismo\u201d, fraude, corrupci\u00f3n o existencia de conflictos de inter\u00e9s.<\/li>\n<li>Cuantas otras acciones u omisiones puedan ser constitutivas de infracci\u00f3n penal o administrativa grave o muy grave o cualquier vulneraci\u00f3n del resto del ordenamiento jur\u00eddico.<\/li>\n<li>Cualquier duda en relaci\u00f3n a la normativa.<\/li>\n<\/ol>\n<p>&nbsp;<\/p>\n<p>Las denuncias podr\u00e1n realizarse a trav\u00e9s del canal online proporcionado preceptivo oa trav\u00e9s de solicitud verbal al responsable del Sistema de Informaci\u00f3n. En este sentido, se ha habilitado la direcci\u00f3n web <a href=\"https:\/\/www.responsabilidadpenal.com\/canal-de-denuncias\">https:\/\/www.responsabilidadpenal.com\/canal-de-denuncias<\/a> introduciendo el c\u00f3digo \u201c <strong>FET<\/strong> \u201d.<\/p>\n<p>&nbsp;<\/p>\n<p>Los hechos denunciados deben ser ciertos, por eso, el denunciante deber\u00e1 asegurarse de que la informaci\u00f3n proporcionada es correcta.<\/p>\n<p>&nbsp;<\/p>\n<p>Este canal ha sido implementado como elemento clave e id\u00f3neo para la supervisi\u00f3n, control y prevenci\u00f3n, en el \u00e1mbito del cumplimiento \u00e9tico y normativo, con el prop\u00f3sito de promover una cultura de transparencia, \u00e9tica y libre de conductas de corrupci\u00f3n, fraude o incumplimientos administrativos y\/o penales, atendiendo a lo dispuesto en la Ley 2\/2023, de 20 de febrero, \u201cde protecci\u00f3n de informantes\u201d. En este sentido, la <strong>Fundaci\u00f3n Escuela Teresiana<\/strong>  cuentan con una Pol\u00edtica que enuncia y explica los principios generales en materia del Sistema interno de informaci\u00f3n y defensa del informante y garantiza, entre otros, la confidencialidad, la protecci\u00f3n de los informantes y la tramitaci\u00f3n establecidos en la ley 2\/2023, de 20 de febrero, as\u00ed como los derechos del denunciante y el denunciado. Adem\u00e1s existe un procedimiento de gesti\u00f3n, tramitaci\u00f3n, investigaci\u00f3n y resoluci\u00f3n de denuncias mediante el cual se procura asegurar, durante todo el proceso de vida de la denuncia, la protecci\u00f3n del denunciante y la privacidad de las personas involucradas, adem\u00e1s de la confidencialidad sobre los datos contenidos en la denuncia.<\/p>\n<p>&nbsp;<\/p>\n<p>El presente canal proporciona un medio confidencial y seguro para que cualquier persona que se relacione con nosotros pueda denunciar cualquier actividad sospechosa o ilegal sin miedo a represalias.<\/p>\n<p>&nbsp;<\/p>\n<p>Este canal no podr\u00e1 utilizarse para llevar a cabo denuncias con las siguientes caracter\u00edsticas:<\/p>\n<p>&nbsp;<\/p>\n<ul>\n<li>Denuncias falsas.<\/li>\n<li>Denuncias que muestren mala fe de forma manifiesta. (Ej.: denuncia presentada varias veces con distinto relato de hechos).<\/li>\n<li>Denuncias no fundadas o sin indicios concretos o determinados. (Ej.: &#8216;me parece sospechosa la actuaci\u00f3n de X, me hace dudar de su actuaci\u00f3n conforme a la ley&#8217;).<\/li>\n<li>Denuncias gen\u00e9ricas por no incluir el conjunto de datos que se consideran m\u00ednimos para las denuncias: conductas realizadas, fecha\/s en las que tuvieron lugar los hechos y tipolog\u00eda de normativa incumplida. (Ej.: &#8216;un compa\u00f1ero lleva a cabo malas pr\u00e1cticas de comercializaci\u00f3n con algunos clientes&#8217;). Asimismo, en el caso en que una denuncia verse espec\u00edficamente sobre el contenido de un fichero\/documento y \u00e9ste no sea aportado en la denuncia.<\/li>\n<li>Denuncias sobre hechos no denunciables por no suponer ning\u00fan il\u00edcito o incumplimiento \u00e9tico. (Ej.: falta de higiene de un compa\u00f1ero).<\/li>\n<li>Denuncias relativas a hechos que se encuentren en sede judicial.<\/li>\n<\/ul>\n<p>&nbsp;<\/p>\n<p>En cualquier caso, el canal cumple y respeta la Ley org\u00e1nica 3\/2018, de 5 de diciembre, de Protecci\u00f3n de Datos Personales y garant\u00eda de los derechos digitales. Por eso, se conservar\u00e1n los datos personales relativos al Canal de Denuncias durante el plazo estrictamente necesario y nunca se conservar\u00e1n datos personales, relativos a este tratamiento, por un plazo superior a 10 a\u00f1os.[\/vc_column_text][\/vc_column][\/vc_row][vc_row css_animation=\u00bb\u00bb row_type=\u00bbrow\u00bb use_row_as_full_screen_section=\u00bbno\u00bb type=\u00bbfull_width\u00bb angled_section=\u00bbno\u00bb text_align=\u00bbleft\u00bb background_image_as_pattern=\u00bbwithout_pattern\u00bb css=\u00bb.vc_custom_1668513895281{background-color: #ffffff !important;}\u00bb z_index=\u00bb\u00bb][vc_column][vc_empty_space][\/vc_column][\/vc_row]<\/p>\n","protected":false},"excerpt":{"rendered":"<p>[vc_row css_animation=\u00bb\u00bb row_type=\u00bbrow\u00bb use_row_as_full_screen_section=\u00bbno\u00bb type=\u00bbfull_width\u00bb angled_section=\u00bbno\u00bb text_align=\u00bbleft\u00bb background_image_as_pattern=\u00bbwithout_pattern\u00bb css=\u00bb.vc_custom_1668513887615{background-color: #ffffff !important;}\u00bb z_index=\u00bb\u00bb][vc_column][vc_empty_space][\/vc_column][\/vc_row][vc_row css_animation=\u00bbelement_from_right\u00bb row_type=\u00bbrow\u00bb use_row_as_full_screen_section=\u00bbno\u00bb type=\u00bbgrid\u00bb angled_section=\u00bbno\u00bb text_align=\u00bbleft\u00bb background_image_as_pattern=\u00bbwithout_pattern\u00bb css=\u00bb.vc_custom_1668513236165{background-color: #ffffff !important;}\u00bb z_index=\u00bb\u00bb][vc_column css=\u00bb.vc_custom_1668684558080{padding-top: 30px !important;padding-right: 30px !important;padding-bottom: 30px !important;padding-left: 30px !important;background-position: center !important;background-repeat: no-repeat !important;background-size: cover !important;}\u00bb][vc_column_text]La Fundaci\u00f3n Escuela Teresiana , entidad titular de&#8230;<\/p>\n","protected":false},"author":1,"featured_media":0,"parent":0,"menu_order":0,"comment_status":"closed","ping_status":"closed","template":"full_width.php","meta":{"footnotes":""},"class_list":["post-3164","page","type-page","status-publish","hentry"],"_links":{"self":[{"href":"https:\/\/bellvitge.escolateresiana.com\/es\/wp-json\/wp\/v2\/pages\/3164","targetHints":{"allow":["GET"]}}],"collection":[{"href":"https:\/\/bellvitge.escolateresiana.com\/es\/wp-json\/wp\/v2\/pages"}],"about":[{"href":"https:\/\/bellvitge.escolateresiana.com\/es\/wp-json\/wp\/v2\/types\/page"}],"author":[{"embeddable":true,"href":"https:\/\/bellvitge.escolateresiana.com\/es\/wp-json\/wp\/v2\/users\/1"}],"replies":[{"embeddable":true,"href":"https:\/\/bellvitge.escolateresiana.com\/es\/wp-json\/wp\/v2\/comments?post=3164"}],"version-history":[{"count":1,"href":"https:\/\/bellvitge.escolateresiana.com\/es\/wp-json\/wp\/v2\/pages\/3164\/revisions"}],"predecessor-version":[{"id":3174,"href":"https:\/\/bellvitge.escolateresiana.com\/es\/wp-json\/wp\/v2\/pages\/3164\/revisions\/3174"}],"wp:attachment":[{"href":"https:\/\/bellvitge.escolateresiana.com\/es\/wp-json\/wp\/v2\/media?parent=3164"}],"curies":[{"name":"wp","href":"https:\/\/api.w.org\/{rel}","templated":true}]}}