{"id":3183,"date":"2022-11-28T10:54:25","date_gmt":"2022-11-28T10:54:25","guid":{"rendered":"https:\/\/bellvitge.escolateresiana.com\/politica-de-privacidad\/"},"modified":"2024-05-07T14:07:09","modified_gmt":"2024-05-07T14:07:09","slug":"politica-de-privacidad","status":"publish","type":"page","link":"https:\/\/bellvitge.escolateresiana.com\/es\/politica-de-privacidad\/","title":{"rendered":"Pol\u00edtica de Privacidad"},"content":{"rendered":"<p>[vc_row css_animation=\u00bb\u00bb row_type=\u00bbrow\u00bb use_row_as_full_screen_section=\u00bbno\u00bb type=\u00bbfull_width\u00bb angled_section=\u00bbno\u00bb text_align=\u00bbleft\u00bb background_image_as_pattern=\u00bbwithout_pattern\u00bb css=\u00bb.vc_custom_1668513887615{background-color: #ffffff !important;}\u00bb z_index=\u00bb\u00bb][vc_column][vc_empty_space][\/vc_column][\/vc_row][vc_row css_animation=\u00bbelement_from_right\u00bb row_type=\u00bbrow\u00bb use_row_as_full_screen_section=\u00bbno\u00bb type=\u00bbgrid\u00bb angled_section=\u00bbno\u00bb text_align=\u00bbleft\u00bb background_image_as_pattern=\u00bbwithout_pattern\u00bb css=\u00bb.vc_custom_1668513236165{background-color: #ffffff !important;}\u00bb z_index=\u00bb\u00bb][vc_column css=\u00bb.vc_custom_1668684558080{padding-top: 30px !important;padding-right: 30px !important;padding-bottom: 30px !important;padding-left: 30px !important;background-position: center !important;background-repeat: no-repeat !important;background-size: cover !important;}\u00bb][vc_column_text]<\/p>\n<h2>Pol\u00edtica de Privacidad<\/h2>\n<p>&nbsp;<\/p>\n<p><strong>1. Responsable del tratamiento de sus datos de car\u00e1cter personal.<\/strong><br \/>\n\u00b7 Fundaci\u00f3n Escuela Teresiana.<br \/>\n\u00b7 CIF: G-85853455<br \/>\n\u00b7 Domicilio Social: Calle Melqu\u00edades \u00c1lvarez 8, 28003, Madrid &#8211; Espa\u00f1a<br \/>\n\u00b7 Tel\u00e9fono: +34 917337383<br \/>\n\u00b7 Delegado de Protecci\u00f3n de Datos: <span id=\"cloak37dda2c051f906ce01f80f5e0b202316\"><a href=\"mailto:fundacion@escuelateresiana.com\">fundacion@escuelateresiana.com<\/a><\/span><\/p>\n<p>&nbsp;<\/p>\n<div class=\"traductor-textarea form-group\">\n<div class=\"textarea-desti col-xs-12 col-sm-6\">\n<div class=\"form-control second-textarea\">\n<p><strong>2. Finalidad del tratamiento de sus datos personales.<\/strong><\/p>\n<p>\u00b7 ALUMNOS POTENCIALES.<br \/>\na) Informar sobre la oferta formativa, servicios y ocio y seguimiento de los alumnos durante el proceso de admisi\u00f3n.<br \/>\nb) Env\u00edo de informaci\u00f3n sobre las novedades del centro aunque no se haya formalizado la matr\u00edcula.<\/p>\n<p>\u00b7 ALUMNADO.<br \/>\na) Gestionar las solicitudes de admisi\u00f3n y matriculaci\u00f3n en el centro.<br \/>\nb) Control y la gesti\u00f3n administrativa, la gesti\u00f3n de cobros y pagos a alumnos<br \/>\nc) Atenci\u00f3n, evaluaci\u00f3n y seguimiento acad\u00e9mico de los alumnos y comunicaciones no comerciales.<br \/>\nd) Realizar entrevistas, evaluaciones psicopedag\u00f3gicas que permitan orientar sobre la oferta educativa m\u00e1s adecuada a las necesidades del alumno y la emisi\u00f3n de dict\u00e1menes de escolarizaci\u00f3n.<br \/>\ne) Presentaci\u00f3n, gesti\u00f3n y facturaci\u00f3n de las actividades extraescolares.<br \/>\nf) Realizaci\u00f3n de encuestas de satisfacci\u00f3n.<\/p>\n<p>\u00b7 FORMULARIO DE CONTACTO.<br \/>\nSe pone en su conocimiento que Fundaci\u00f3n Escola Teresiana \u00fanicamente tratar\u00e1 los datos de car\u00e1cter personal que nos facilite en el formulario de contacto y exclusivamente con el fin de remitirle la informaci\u00f3n solicitada, as\u00ed como resolver las dudas o cuestiones que nos plantea .<\/p>\n<p>\u00b7 COLABORA.<br \/>\nFundaci\u00f3n Escola Teresiana informa como Responsable del tratamiento de los datos personales facilitados en el formulario, que se gestionar\u00e1n \u00fanicamente para los tr\u00e1mite derivados de la colaboraci\u00f3n, como es el env\u00edo del certificado de desgravaci\u00f3n fiscal.<\/p>\n<p>\u00b7 TRABAJA CON NOSOTROS.<br \/>\nFundaci\u00f3n Escola Teresiana recopilar\u00e1 y procesar\u00e1 los datos personales de los candidatos que nos facilite en el formulario para incorporarlos a los procesos de selecci\u00f3n. Los documentos de la solicitud se borrar\u00e1n autom\u00e1ticamente pasados \u200b\u200btres a\u00f1os, salvo que nos solicite su supresi\u00f3n con anterioridad a esa fecha. No obstante, en caso de que el candidato sea seleccionado, los datos presentados se almacenar\u00e1n con el fin de gestionar la relaci\u00f3n laboral de acuerdo con los requisitos legales.<br \/>\nDebe indicarse que la no facilitaci\u00f3n de los datos necesarios que se solicitan en cualquier formulario tendr\u00e1 como consecuencia que su solicitud no pueda ser atendida.<br \/>\nA tal efecto, y para cumplir con estos fines, es importante que nos informe de cualquier modificaci\u00f3n que se produzca en sus datos personales a fin de mantenerlos actualizados. De lo contrario, no respondemos de la veracidad de \u00e9stos.<\/p>\n<p>&nbsp;<\/p>\n<p><strong>3. Conservaci\u00f3n de sus datos personales.<\/strong><br \/>\nSus datos ser\u00e1n conservados durante el tiempo m\u00ednimo necesario para satisfacer la finalidad para la que les facilit\u00f3, as\u00ed como para atender las responsabilidades que pudieran derivarse de los datos suministrados y de cualquier otra exigencia legal.<br \/>\nTodo ello, sin perjuicio de la conservaci\u00f3n que resultare necesaria para la formulaci\u00f3n, ejercicio o defensa de potenciales reclamaciones y\/o siempre que lo permitiera la legislaci\u00f3n aplicable.<\/p>\n<p>&nbsp;<\/p>\n<p><strong>4. \u00bfCu\u00e1l es la legitimaci\u00f3n para el tratamiento de sus datos personales.<\/strong><br \/>\nLa base del tratamiento de sus datos personales es el consentimiento expreso que presta al marcar la casilla \u00abHe le\u00eddo y consiento que mis datos sean tratados de acuerdo con la Cl\u00e1usula de Protecci\u00f3n de Datos\u00bb, que permite que nos pueda facilitar sus datos datos.<br \/>\nLos datos que le solicitamos son adecuados, pertinentes y estrictamente necesarios y en ning\u00fan caso est\u00e1 obligado a facilit\u00e1rnoslos, pero su no comunicaci\u00f3n tendr\u00e1 como consecuencia que su solicitud no pueda ser atendida.<\/p>\n<p>&nbsp;<\/p>\n<p><strong>5. Redes Sociales.<\/strong><br \/>\nFundaci\u00f3n Escuela Teresiana est\u00e1 presente en Instagram, Facebook, Twitter y Youtube con el fin de informar sobre los servicios que ofrece, as\u00ed como de cualquier otra actividad o evento que se realice y se quiera dar publicidad, pero en ning\u00fan momento obtendr\u00e1 de las mismas datos personales de los usuarios que interact\u00faen en ellas, salvo autorizaci\u00f3n expresa.<\/p>\n<p>&nbsp;<\/p>\n<p><strong>6. Destinatarios de sus datos personales.<\/strong><br \/>\nFundaci\u00f3n Escola Teresiana no comunicar\u00e1 sus datos a ning\u00fan tercero, salvo que se le informe de ello expresamente o exista obligaci\u00f3n legal, al igual que tampoco est\u00e1n previstas transferencias internacionales.<\/p>\n<p>&nbsp;<\/p>\n<p><strong>7. Sus derechos cuando nos facilita sus datos personales.  <\/strong>Sus datos personales se tratan con absoluta confidencialidad. A continuaci\u00f3n, se le informa de que como titular o interesado tiene la posibilidad de ejercer sus derechos de acceso, rectificaci\u00f3n, supresi\u00f3n y portabilidad de datos, as\u00ed como el derecho a la limitaci\u00f3n u oposici\u00f3n al tratamiento de sus datos personales , en cualquier momento, dirigi\u00e9ndose por escrito a Fundaci\u00f3n Escuela Teresiana, Calle Melqu\u00edades \u00c1lvarez, 8, 28003, Madrid &#8211; Espa\u00f1a o al correo electr\u00f3nico habilitado al efecto,  <span id=\"cloak191e8fc644ab584863bfb47223c1cbd7\"><a href=\"mailto:fundacion@escuelateresiana.com\">fundacion@escuelateresiana.com<\/a><\/span> , incluyendo en ambos casos fotocopia de su DNI u otro documento de identificaci\u00f3n equivalente.<br \/>\nModelos, formularios y m\u00e1s informaci\u00f3n disponible sobre sus derechos en la p\u00e1gina web de la Autoridad de Control nacional competente, la Agencia Espa\u00f1ola de Protecci\u00f3n de Datos, www.agpd.es&lt; https:\/\/www.aepd.es\/es&gt; .<\/p>\n<p>&nbsp;<\/p>\n<p><strong>8. Derecho a retirar su consentimiento.<\/strong><br \/>\nEn cualquier momento tiene la posibilidad y derecho a retirar el consentimiento para cualquier finalidad espec\u00edfica otorgada en su momento, mediante el procedimiento antes descrito, sin que ello afecte a la licitud del tratamiento basado en el consentimiento previo a su retirada.<\/p>\n<p>&nbsp;<\/p>\n<p><strong>9. Donde puede acudir para reclamar en caso de considerar que sus datos personales no son adecuadamente tratados.<\/strong><br \/>\nSi considera que sus datos no son tratados correctamente por Fundaci\u00f3 Escola Teresiana puede dirigir sus reclamaciones a la Autoridad de Control nacional competente, la Agencia Espa\u00f1ola de Protecci\u00f3n de Datos, www.agpd.es&lt; http:\/\/www.agpd.es\/&gt; .<\/p>\n<p>&nbsp;<\/p>\n<p><strong>10. Qu\u00e9 hacemos para garantizar la seguridad y confidencialidad de sus datos personales.<\/strong><br \/>\nCon el objetivo de salvaguardar la seguridad de sus datos personales, le informamos que Fundaci\u00f3n Escola Teresiana ha adoptado todas las medidas de \u00edndole t\u00e9cnica y organizativa necesarias para garantizar la seguridad de los datos personales suministrados. Todo esto para evitar su alteraci\u00f3n, p\u00e9rdida, y\/o tratamientos o accesos no autorizados, tal y como exige la normativa, si bien la seguridad absoluta no existe.<br \/>\nIgualmente, Fundaci\u00f3n Escuela Teresiana le informa que todo nuestro personal, cualquiera que sea la fase del tratamiento en la que intervenga, ha adoptado el compromiso de tratar sus datos personales con el m\u00e1ximo cuidado y confidencialidad y que su tratamiento se efectuar\u00e1 de acuerdo con la legislaci\u00f3n vigente sobre protecci\u00f3n de datos de car\u00e1cter personal, en particular con el Reglamento (UE) 2016\/679 del Parlamento Europeo y del Consejo de 27 de abril de 2016 Le recordamos que ni Fundaci\u00f3n Escuela Teresiana, ni cualquiera de sus empleados, ceder\u00e1 o comunicar\u00e1 sus datos a terceros, salvo en los casos legalmente previstos, o salvo que usted lo autorice expresamente.<\/p>\n<p>&nbsp;<\/p>\n<p><strong>11. Modificaci\u00f3n de la Pol\u00edtica de Privacidad.<\/strong><br \/>\nFundaci\u00f3n Escola Teresiana podr\u00e1 alterar la presente Pol\u00edtica de Privacidad para adaptarla a la legislaci\u00f3n sobre datos personales aplicable en cada momento. En estos supuestos, se anunciar\u00e1 en esta p\u00e1gina los cambios introducidos con razonable antelaci\u00f3n a su puesta en pr\u00e1ctica.<\/p>\n<\/div>\n<\/div>\n<\/div>\n<p>[\/vc_column_text][\/vc_column][\/vc_row][vc_row css_animation=\u00bb\u00bb row_type=\u00bbrow\u00bb use_row_as_full_screen_section=\u00bbno\u00bb type=\u00bbfull_width\u00bb angled_section=\u00bbno\u00bb text_align=\u00bbleft\u00bb background_image_as_pattern=\u00bbwithout_pattern\u00bb css=\u00bb.vc_custom_1668513895281{background-color: #ffffff !important;}\u00bb z_index=\u00bb\u00bb][vc_column][vc_empty_space][\/vc_column][\/vc_row]<\/p>\n","protected":false},"excerpt":{"rendered":"<p>[vc_row css_animation=\u00bb\u00bb row_type=\u00bbrow\u00bb use_row_as_full_screen_section=\u00bbno\u00bb type=\u00bbfull_width\u00bb angled_section=\u00bbno\u00bb text_align=\u00bbleft\u00bb background_image_as_pattern=\u00bbwithout_pattern\u00bb css=\u00bb.vc_custom_1668513887615{background-color: #ffffff !important;}\u00bb z_index=\u00bb\u00bb][vc_column][vc_empty_space][\/vc_column][\/vc_row][vc_row css_animation=\u00bbelement_from_right\u00bb row_type=\u00bbrow\u00bb use_row_as_full_screen_section=\u00bbno\u00bb type=\u00bbgrid\u00bb angled_section=\u00bbno\u00bb text_align=\u00bbleft\u00bb background_image_as_pattern=\u00bbwithout_pattern\u00bb css=\u00bb.vc_custom_1668513236165{background-color: #ffffff !important;}\u00bb z_index=\u00bb\u00bb][vc_column css=\u00bb.vc_custom_1668684558080{padding-top: 30px !important;padding-right: 30px !important;padding-bottom: 30px !important;padding-left: 30px !important;background-position: center !important;background-repeat: no-repeat !important;background-size: cover !important;}\u00bb][vc_column_text] Pol\u00edtica de Privacidad &nbsp; 1. Responsable del&#8230;<\/p>\n","protected":false},"author":1,"featured_media":0,"parent":0,"menu_order":0,"comment_status":"closed","ping_status":"closed","template":"full_width.php","meta":{"footnotes":""},"class_list":["post-3183","page","type-page","status-publish","hentry"],"_links":{"self":[{"href":"https:\/\/bellvitge.escolateresiana.com\/es\/wp-json\/wp\/v2\/pages\/3183","targetHints":{"allow":["GET"]}}],"collection":[{"href":"https:\/\/bellvitge.escolateresiana.com\/es\/wp-json\/wp\/v2\/pages"}],"about":[{"href":"https:\/\/bellvitge.escolateresiana.com\/es\/wp-json\/wp\/v2\/types\/page"}],"author":[{"embeddable":true,"href":"https:\/\/bellvitge.escolateresiana.com\/es\/wp-json\/wp\/v2\/users\/1"}],"replies":[{"embeddable":true,"href":"https:\/\/bellvitge.escolateresiana.com\/es\/wp-json\/wp\/v2\/comments?post=3183"}],"version-history":[{"count":1,"href":"https:\/\/bellvitge.escolateresiana.com\/es\/wp-json\/wp\/v2\/pages\/3183\/revisions"}],"predecessor-version":[{"id":3193,"href":"https:\/\/bellvitge.escolateresiana.com\/es\/wp-json\/wp\/v2\/pages\/3183\/revisions\/3193"}],"wp:attachment":[{"href":"https:\/\/bellvitge.escolateresiana.com\/es\/wp-json\/wp\/v2\/media?parent=3183"}],"curies":[{"name":"wp","href":"https:\/\/api.w.org\/{rel}","templated":true}]}}