{"id":3200,"date":"2022-11-16T10:13:35","date_gmt":"2022-11-16T10:13:35","guid":{"rendered":"https:\/\/bellvitge.escolateresiana.com\/extraescolares\/"},"modified":"2025-11-19T14:07:13","modified_gmt":"2025-11-19T14:07:13","slug":"extraescolares","status":"publish","type":"page","link":"https:\/\/bellvitge.escolateresiana.com\/es\/extraescolares\/","title":{"rendered":"Extraescolares"},"content":{"rendered":"<p>[vc_row css_animation=\u00bb\u00bb row_type=\u00bbrow\u00bb use_row_as_full_screen_section=\u00bbno\u00bb type=\u00bbfull_width\u00bb angled_section=\u00bbno\u00bb text_align=\u00bbleft\u00bb background_image_as_pattern=\u00bbwithout_pattern\u00bb][vc_column][qode_elements_holder number_of_columns=\u00bbtwo_columns\u00bb][qode_elements_holder_item vertical_alignment=\u00bbmiddle\u00bb advanced_animations=\u00bbno\u00bb item_padding=\u00bb0px 60px 0px 60px\u00bb][vc_column_text]<\/p>\n<h3><span style=\"color: #45ac34;\">Disfruta, aprende y expr\u00e9sate<br \/>\n<\/span><\/h3>\n<p>&nbsp;<\/p>\n<p>Fuera del horario escolar queremos seguir acompa\u00f1ando al alumnado para completar su formaci\u00f3n integral. As\u00ed pues, ofrecemos un abanico <strong>de actividades extraescolares<\/strong> (culturales, deportivas y acad\u00e9micas) que posibilitan <strong>nuevos contextos de aprendizaje<\/strong> por:<\/p>\n<p>&nbsp;<\/p>\n<ul>\n<li>Tomar conciencia del propio cuerpo<\/li>\n<li>Trabajar el autoconocimiento<\/li>\n<li>Desarrollar el valor del esfuerzo y la constancia<\/li>\n<li>Potenciar la sensibilidad art\u00edstica<\/li>\n<li>Fomentar h\u00e1bitos sociales y de salud<\/li>\n<li>Aprender a convivir con los compa\u00f1eros desde el respeto<\/li>\n<\/ul>\n<p>[\/vc_column_text][vc_empty_space height=\u00bb20px\u00bb][\/qode_elements_holder_item][qode_elements_holder_item advanced_animations=\u00bbno\u00bb][vc_single_image image=\u00bb2855&#8243; img_size=\u00bbfull\u00bb qode_css_animation=\u00bb\u00bb][\/qode_elements_holder_item][\/qode_elements_holder][\/vc_column][\/vc_row][vc_row css_animation=\u00bb\u00bb row_type=\u00bbrow\u00bb use_row_as_full_screen_section=\u00bbno\u00bb type=\u00bbgrid\u00bb angled_section=\u00bbno\u00bb text_align=\u00bbleft\u00bb background_image_as_pattern=\u00bbwithout_pattern\u00bb z_index=\u00bb\u00bb css=\u00bb.vc_custom_1763561075305{background-color: #ffffff !important;}\u00bb][vc_column width=\u00bb2\/3&#8243;][vc_empty_space][vc_column_text]<strong>La Fundaci\u00f3n \u00abLa Caixa\u00bb colabora con la escuela con el Programa CaixaProinf\u00e0ncia dotando de recursos en la escuela para que los ni\u00f1os y j\u00f3venes referentes del Programa accedan a las actividades extraescolares de taller de estudio, actividades deportivas y casal de verano de forma totalmente gratuita, para mejorar sus oportunidades. <\/strong>[\/vc_column_text][vc_empty_space][\/vc_column][vc_column width=\u00bb1\/3&#8243;][vc_empty_space][vc_single_image image=\u00bb3815&#8243; img_size=\u00bbfull\u00bb qode_css_animation=\u00bb\u00bb][\/vc_column][\/vc_row][vc_row css_animation=\u00bb\u00bb row_type=\u00bbrow\u00bb use_row_as_full_screen_section=\u00bbno\u00bb type=\u00bbfull_width\u00bb angled_section=\u00bbno\u00bb text_align=\u00bbleft\u00bb background_image_as_pattern=\u00bbwithout_pattern\u00bb][vc_column][vc_empty_space][\/vc_column][\/vc_row][vc_row css_animation=\u00bb\u00bb row_type=\u00bbrow\u00bb use_row_as_full_screen_section=\u00bbno\u00bb type=\u00bbgrid\u00bb angled_section=\u00bbno\u00bb text_align=\u00bbleft\u00bb background_image_as_pattern=\u00bbwithout_pattern\u00bb z_index=\u00bb\u00bb][vc_column css_animation=\u00bbfadeInDown\u00bb width=\u00bb1\/4&#8243;]<div class=\"qode-specification-list\">\n\t\t\t<div class=\"qode-specification-list-image\">\n\t\t\t<img decoding=\"async\" src=\"https:\/\/bellvitge.escolateresiana.com\/wp-content\/uploads\/2023\/01\/1.png\" alt=\"\" \/>\n\t\t<\/div>\n\t\t<div class=\"qode-specification-list-text-holder\">\n\t\t<h4 class=\"qode-specification-list-title\">\n\t\t\tIDIOMAS\t\t<\/h4>\n\t\t<div class=\"qode-specification-list-items\">\n\t\t\t\t\t\t\t<div class=\"qode-specification-list-item\">\n\t\t\t\t\t<span class=\"qode-specification-list-item-label\">\n\t\t\t\t\t\tIngl\u00e9s con Kids&amp;Us\t\t\t\t\t<\/span>\n\t\t\t\t\t<span class=\"qode-specification-list-item-value\">\n\t\t\t\t\t\t\t\t\t\t\t<\/span>\n\t\t\t\t<\/div>\n\t\t\t\t\t<\/div>\n\t<\/div>\n\t<\/div>[vc_empty_space][\/vc_column][vc_column css_animation=\u00bbfadeInUp\u00bb width=\u00bb1\/4&#8243;]<div class=\"qode-specification-list\">\n\t\t\t<div class=\"qode-specification-list-image\">\n\t\t\t<img decoding=\"async\" src=\"https:\/\/bellvitge.escolateresiana.com\/wp-content\/uploads\/2023\/02\/ESTUDI.png\" alt=\"\" \/>\n\t\t<\/div>\n\t\t<div class=\"qode-specification-list-text-holder\">\n\t\t<h4 class=\"qode-specification-list-title\">\n\t\t\tTALLERES DE ESTUDIO\t\t<\/h4>\n\t\t<div class=\"qode-specification-list-items\">\n\t\t\t\t\t\t\t<div class=\"qode-specification-list-item\">\n\t\t\t\t\t<span class=\"qode-specification-list-item-label\">\n\t\t\t\t\t\tTalleres de estudio en el colegio para desarrollar t\u00e9cnicas de estudio y acompa\u00f1ar acad\u00e9micamente al alumnado\t\t\t\t\t<\/span>\n\t\t\t\t\t<span class=\"qode-specification-list-item-value\">\n\t\t\t\t\t\t\t\t\t\t\t<\/span>\n\t\t\t\t<\/div>\n\t\t\t\t\t<\/div>\n\t<\/div>\n\t<\/div>[vc_empty_space][\/vc_column][vc_column css_animation=\u00bbfadeInUp\u00bb width=\u00bb1\/4&#8243;]<div class=\"qode-specification-list\">\n\t\t\t<div class=\"qode-specification-list-image\">\n\t\t\t<img decoding=\"async\" src=\"https:\/\/bellvitge.escolateresiana.com\/wp-content\/uploads\/2023\/01\/3.png\" alt=\"\" \/>\n\t\t<\/div>\n\t\t<div class=\"qode-specification-list-text-holder\">\n\t\t<h4 class=\"qode-specification-list-title\">\n\t\t\tDEPORTIVAS\t\t<\/h4>\n\t\t<div class=\"qode-specification-list-items\">\n\t\t\t\t\t\t\t<div class=\"qode-specification-list-item\">\n\t\t\t\t\t<span class=\"qode-specification-list-item-label\">\n\t\t\t\t\t\tPiscina\t\t\t\t\t<\/span>\n\t\t\t\t\t<span class=\"qode-specification-list-item-value\">\n\t\t\t\t\t\t\t\t\t\t\t<\/span>\n\t\t\t\t<\/div>\n\t\t\t\t\t\t\t<div class=\"qode-specification-list-item\">\n\t\t\t\t\t<span class=\"qode-specification-list-item-label\">\n\t\t\t\t\t\tMultideporte\t\t\t\t\t<\/span>\n\t\t\t\t\t<span class=\"qode-specification-list-item-value\">\n\t\t\t\t\t\t\t\t\t\t\t<\/span>\n\t\t\t\t<\/div>\n\t\t\t\t\t\t\t<div class=\"qode-specification-list-item\">\n\t\t\t\t\t<span class=\"qode-specification-list-item-label\">\n\t\t\t\t\t\tBaile\t\t\t\t\t<\/span>\n\t\t\t\t\t<span class=\"qode-specification-list-item-value\">\n\t\t\t\t\t\t\t\t\t\t\t<\/span>\n\t\t\t\t<\/div>\n\t\t\t\t\t\t\t<div class=\"qode-specification-list-item\">\n\t\t\t\t\t<span class=\"qode-specification-list-item-label\">\n\t\t\t\t\t\tBaloncesto\t\t\t\t\t<\/span>\n\t\t\t\t\t<span class=\"qode-specification-list-item-value\">\n\t\t\t\t\t\t\t\t\t\t\t<\/span>\n\t\t\t\t<\/div>\n\t\t\t\t\t\t\t<div class=\"qode-specification-list-item\">\n\t\t\t\t\t<span class=\"qode-specification-list-item-label\">\n\t\t\t\t\t\tTaekwondo\t\t\t\t\t<\/span>\n\t\t\t\t\t<span class=\"qode-specification-list-item-value\">\n\t\t\t\t\t\t\t\t\t\t\t<\/span>\n\t\t\t\t<\/div>\n\t\t\t\t\t\t\t<div class=\"qode-specification-list-item\">\n\t\t\t\t\t<span class=\"qode-specification-list-item-label\">\n\t\t\t\t\t\tF\u00fatbol\t\t\t\t\t<\/span>\n\t\t\t\t\t<span class=\"qode-specification-list-item-value\">\n\t\t\t\t\t\t\t\t\t\t\t<\/span>\n\t\t\t\t<\/div>\n\t\t\t\t\t\t\t<div class=\"qode-specification-list-item\">\n\t\t\t\t\t<span class=\"qode-specification-list-item-label\">\n\t\t\t\t\t\tVoleibol  \t\t\t\t\t<\/span>\n\t\t\t\t\t<span class=\"qode-specification-list-item-value\">\n\t\t\t\t\t\t\t\t\t\t\t<\/span>\n\t\t\t\t<\/div>\n\t\t\t\t\t<\/div>\n\t<\/div>\n\t<\/div>[vc_empty_space][\/vc_column][vc_column css_animation=\u00bbfadeInDown\u00bb width=\u00bb1\/4&#8243;]<div class=\"qode-specification-list\">\n\t\t\t<div class=\"qode-specification-list-image\">\n\t\t\t<img decoding=\"async\" src=\"https:\/\/bellvitge.escolateresiana.com\/wp-content\/uploads\/2023\/01\/4.png\" alt=\"\" \/>\n\t\t<\/div>\n\t\t<div class=\"qode-specification-list-text-holder\">\n\t\t<h4 class=\"qode-specification-list-title\">\n\t\t\tESCUELA DE M\u00daSICA\t\t<\/h4>\n\t\t<div class=\"qode-specification-list-items\">\n\t\t\t\t\t\t\t<div class=\"qode-specification-list-item\">\n\t\t\t\t\t<span class=\"qode-specification-list-item-label\">\n\t\t\t\t\t\t  Guitarra\t\t\t\t\t<\/span>\n\t\t\t\t\t<span class=\"qode-specification-list-item-value\">\n\t\t\t\t\t\t\t\t\t\t\t<\/span>\n\t\t\t\t<\/div>\n\t\t\t\t\t<\/div>\n\t<\/div>\n\t<\/div>[vc_empty_space]<div class=\"qode-specification-list\">\n\t\t\t<div class=\"qode-specification-list-image\">\n\t\t\t<img decoding=\"async\" src=\"https:\/\/bellvitge.escolateresiana.com\/wp-content\/uploads\/2023\/01\/5.png\" alt=\"\" \/>\n\t\t<\/div>\n\t\t<div class=\"qode-specification-list-text-holder\">\n\t\t<h4 class=\"qode-specification-list-title\">\n\t\t\tCASAL DE VERANO\t\t<\/h4>\n\t\t<div class=\"qode-specification-list-items\">\n\t\t\t\t\t\t\t<div class=\"qode-specification-list-item\">\n\t\t\t\t\t<span class=\"qode-specification-list-item-label\">\n\t\t\t\t\t\tAcabado el curso escolar la escuela abre sus instalaciones en el centro de ocio Esclat para realizar el casal de verano\t\t\t\t\t<\/span>\n\t\t\t\t\t<span class=\"qode-specification-list-item-value\">\n\t\t\t\t\t\t\t\t\t\t\t<\/span>\n\t\t\t\t<\/div>\n\t\t\t\t\t<\/div>\n\t<\/div>\n\t<\/div>[\/vc_column][\/vc_row][vc_row css_animation=\u00bb\u00bb row_type=\u00bbrow\u00bb use_row_as_full_screen_section=\u00bbno\u00bb type=\u00bbfull_width\u00bb angled_section=\u00bbno\u00bb text_align=\u00bbleft\u00bb background_image_as_pattern=\u00bbwithout_pattern\u00bb][vc_column][vc_gallery type=\u00bbimage_grid\u00bb images=\u00bb2856,2857,2858,2859&#8243; img_size=\u00bbfull\u00bb column_number=\u00bb4&#8243; grayscale=\u00bbno\u00bb images_space=\u00bbgallery_without_space\u00bb][\/vc_column][\/vc_row]<\/p>\n","protected":false},"excerpt":{"rendered":"<p>[vc_row css_animation=\u00bb\u00bb row_type=\u00bbrow\u00bb use_row_as_full_screen_section=\u00bbno\u00bb type=\u00bbfull_width\u00bb angled_section=\u00bbno\u00bb text_align=\u00bbleft\u00bb background_image_as_pattern=\u00bbwithout_pattern\u00bb][vc_column][qode_elements_holder number_of_columns=\u00bbtwo_columns\u00bb][qode_elements_holder_item vertical_alignment=\u00bbmiddle\u00bb advanced_animations=\u00bbno\u00bb item_padding=\u00bb0px 60px 0px 60px\u00bb][vc_column_text] Disfruta, aprende y expr\u00e9sate &nbsp; Fuera del horario escolar queremos seguir acompa\u00f1ando al alumnado para completar su formaci\u00f3n integral. As\u00ed pues, ofrecemos un abanico de actividades extraescolares (culturales, deportivas y&#8230;<\/p>\n","protected":false},"author":1,"featured_media":0,"parent":0,"menu_order":0,"comment_status":"closed","ping_status":"closed","template":"full_width.php","meta":{"footnotes":""},"class_list":["post-3200","page","type-page","status-publish","hentry"],"_links":{"self":[{"href":"https:\/\/bellvitge.escolateresiana.com\/es\/wp-json\/wp\/v2\/pages\/3200","targetHints":{"allow":["GET"]}}],"collection":[{"href":"https:\/\/bellvitge.escolateresiana.com\/es\/wp-json\/wp\/v2\/pages"}],"about":[{"href":"https:\/\/bellvitge.escolateresiana.com\/es\/wp-json\/wp\/v2\/types\/page"}],"author":[{"embeddable":true,"href":"https:\/\/bellvitge.escolateresiana.com\/es\/wp-json\/wp\/v2\/users\/1"}],"replies":[{"embeddable":true,"href":"https:\/\/bellvitge.escolateresiana.com\/es\/wp-json\/wp\/v2\/comments?post=3200"}],"version-history":[{"count":6,"href":"https:\/\/bellvitge.escolateresiana.com\/es\/wp-json\/wp\/v2\/pages\/3200\/revisions"}],"predecessor-version":[{"id":3823,"href":"https:\/\/bellvitge.escolateresiana.com\/es\/wp-json\/wp\/v2\/pages\/3200\/revisions\/3823"}],"wp:attachment":[{"href":"https:\/\/bellvitge.escolateresiana.com\/es\/wp-json\/wp\/v2\/media?parent=3200"}],"curies":[{"name":"wp","href":"https:\/\/api.w.org\/{rel}","templated":true}]}}