{"id":3218,"date":"2022-11-08T08:37:14","date_gmt":"2022-11-08T08:37:14","guid":{"rendered":"https:\/\/bellvitge.escolateresiana.com\/primaria\/"},"modified":"2024-06-04T09:07:16","modified_gmt":"2024-06-04T09:07:16","slug":"primaria","status":"publish","type":"page","link":"https:\/\/bellvitge.escolateresiana.com\/es\/primaria\/","title":{"rendered":"Primaria"},"content":{"rendered":"<p>[vc_row css_animation=\u00bb\u00bb row_type=\u00bbrow\u00bb use_row_as_full_screen_section=\u00bbno\u00bb type=\u00bbfull_width\u00bb angled_section=\u00bbno\u00bb text_align=\u00bbleft\u00bb background_image_as_pattern=\u00bbwithout_pattern\u00bb][vc_column]\n\t\t\t<!-- START PRIMARIA REVOLUTION SLIDER 6.5.14 --><p class=\"rs-p-wp-fix\"><\/p>\n\t\t\t<rs-module-wrap id=\"rev_slider_16_1_wrapper\" data-source=\"gallery\" style=\"visibility:hidden;background:transparent;padding:0;margin:0px auto;margin-top:0;margin-bottom:0;\">\n\t\t\t\t<rs-module id=\"rev_slider_16_1\" style=\"\" data-version=\"6.5.14\">\n\t\t\t\t\t<rs-slides>\n\t\t\t\t\t\t<rs-slide style=\"position: absolute;\" data-key=\"rs-18\" data-title=\"Slide\" data-in=\"o:0;\" data-out=\"a:false;\">\n\t\t\t\t\t\t\t<img decoding=\"async\" src=\"\/\/bellvitge.escolateresiana.com\/wp-content\/plugins\/revslider\/public\/assets\/assets\/dummy.png\" alt=\"Slide\" title=\"Primaria\" class=\"rev-slidebg tp-rs-img rs-lazyload\" data-lazyload=\"\/\/bellvitge.escolateresiana.com\/wp-content\/plugins\/revslider\/public\/assets\/assets\/transparent.png\" data-bg=\"c:#45ac34;\" data-no-retina>\n<!--\n\t\t\t\t\t\t\t--><rs-layer\n\t\t\t\t\t\t\t\tid=\"slider-16-slide-18-layer-0\" \n\t\t\t\t\t\t\t\tclass=\"rs-fsv rs-layer-video intrinsic-ignore\"\n\t\t\t\t\t\t\t\tdata-type=\"video\"\n\t\t\t\t\t\t\t\tdata-rsp_ch=\"on\"\n\t\t\t\t\t\t\t\tdata-xy=\"x:0;y:0;\"\n\t\t\t\t\t\t\t\tdata-text=\"w:normal;\"\n\t\t\t\t\t\t\t\tdata-dim=\"w:100%;h:100%;\"\n\t\t\t\t\t\t\t\tdata-basealign=\"slide\"\n\t\t\t\t\t\t\t\tdata-video=\"vfc:true;vd:100;fc:true;l:true;ptimer:false;nse:f;\"\n\t\t\t\t\t\t\t\tdata-poster=\"\/\/bellvitge.escolateresiana.com\/wp-content\/uploads\/revslider\/video-media\/Video-3-primaria_18_layer.jpeg\"\n\t\t\t\t\t\t\t\tdata-mp4=\"\/\/bellvitge.escolateresiana.com\/wp-content\/uploads\/2023\/02\/Video-3-primaria.mp4\"\n\t\t\t\t\t\t\t\tdata-frame_999=\"o:0;st:w;sR:8700;\"\n\t\t\t\t\t\t\t\tstyle=\"z-index:8;\"\n\t\t\t\t\t\t\t>\n\t\t\t\t\t\t\t<\/rs-layer><!--\n-->\t\t\t\t\t\t<\/rs-slide>\n\t\t\t\t\t<\/rs-slides>\n\t\t\t\t<\/rs-module>\n\t\t\t\t<script>\n\t\t\t\t\tsetREVStartSize({c: 'rev_slider_16_1',rl:[1240,1024,778,480],el:[700],gw:[ 1280],gh:[700],type:'standard',justify:'',layout:'fullwidth',mh:\"0\"});if (window.RS_MODULES!==undefined && window.RS_MODULES.modules!==undefined && window.RS_MODULES.modules[\"revslider161\"]!==undefined) {window.RS_MODULES.modules[\"revslider161\"].once = false;window.revapi16 = undefined;if (window.RS_MODULES.checkMinimal!==undefined) window.RS_MODULES.checkMinimal()}\n\t\t\t\t<\/script>\n\t\t\t<\/rs-module-wrap>\n\t\t\t<!-- END REVOLUTION SLIDER -->\n[\/vc_column][\/vc_row][vc_row css_animation=\u00bb\u00bb row_type=\u00bbrow\u00bb use_row_as_full_screen_section=\u00bbno\u00bb type=\u00bbfull_width\u00bb angled_section=\u00bbno\u00bb text_align=\u00bbleft\u00bb background_image_as_pattern=\u00bbwithout_pattern\u00bb][vc_column][qode_elements_holder number_of_columns=\u00bbtwo_columns\u00bb][qode_elements_holder_item advanced_animations=\u00bbno\u00bb][vc_single_image image=\u00bb2835&#8243; img_size=\u00bbfull\u00bb qode_css_animation=\u00bb\u00bb][\/qode_elements_holder_item][qode_elements_holder_item cover=\u00bbyes\u00bb advanced_animations=\u00bbno\u00bb item_padding=\u00bb0px 30px 0px 30px\u00bb background_image=\u00bb704&#8243;][vc_column_text]<\/p>\n<h2><span style=\"color: #45ac34;\">Primaria<\/span><\/h2>\n<p>&nbsp;<\/p>\n<h4><strong>El momento de los grandes retos<\/strong><\/h4>\n<p>&nbsp;<\/p>\n<p>En Educaci\u00f3n Primaria (6 a 12 a\u00f1os) guiamos a nuestro alumnado en la adquisici\u00f3n de las <strong>competencias sociales y emocionales<\/strong>. Ellos se convierten en los aut\u00e9nticos protagonistas del proceso de aprendizaje.<\/p>\n<p>&nbsp;<\/p>\n<p>Se trabajan los conocimientos de forma integrada, mediante metodolog\u00edas, t\u00e9cnicas y h\u00e1bitos que estimulen su curiosidad e iniciativa. Establecemos las bases de una formaci\u00f3n s\u00f3lida, donde la <strong>autonom\u00eda personal<\/strong>, el <strong>esfuerzo<\/strong> y la <strong>convivencia<\/strong> constituir\u00e1n la base para seguir aprendiendo a lo largo de la vida.[\/vc_column_text][\/qode_elements_holder_item][\/qode_elements_holder][\/vc_column][\/vc_row][vc_row css_animation=\u00bb\u00bb row_type=\u00bbrow\u00bb use_row_as_full_screen_section=\u00bbno\u00bb type=\u00bbfull_width\u00bb angled_section=\u00bbno\u00bb text_align=\u00bbleft\u00bb background_image_as_pattern=\u00bbwithout_pattern\u00bb][vc_column][vc_empty_space height=\u00bb90px\u00bb][\/vc_column][\/vc_row][vc_row css_animation=\u00bb\u00bb row_type=\u00bbrow\u00bb use_row_as_full_screen_section=\u00bbno\u00bb type=\u00bbgrid\u00bb angled_section=\u00bbno\u00bb text_align=\u00bbleft\u00bb background_image_as_pattern=\u00bbwithout_pattern\u00bb z_index=\u00bb\u00bb][vc_column css_animation=\u00bbfadeIn\u00bb width=\u00bb1\/2&#8243; css=\u00bb.vc_custom_1673357519491{padding-top: 30px !important;padding-right: 30px !important;padding-bottom: 30px !important;padding-left: 30px !important;background-color: #c2f9bb !important;}\u00bb]<div class=\"qode-accordion-holder clearfix qode-toggle qode-initial \">\n\t<h4 class=\"clearfix qode-title-holder\">\n<span class=\"qode-tab-title\">\n\t    <span class=\"qode-tab-title-inner\">\n        APRENDIZAJE DE LAS LENGUAS    <\/span>\n<\/span>\n<span class=\"qode-accordion-mark\">\n    <span class=\"qode-accordion-mark-icon\">\n        <span class=\"icon_plus\"><\/span>\n        <span class=\"icon_minus-06\"><\/span>\n    <\/span>\n<\/span>\n<\/h4>\n<div  class=\"qode-accordion-content \" >\n    <div class=\"qode-accordion-content-inner\">\n        [vc_column_text]Trabajamos las lenguas en grupos reducidos a trav\u00e9s de metodolog\u00edas significativas en las que la manipulaci\u00f3n y el aprendizaje entre iguales facilitan la consecuci\u00f3n de las competencias ling\u00fc\u00edsticas.<\/p>\n<p>&nbsp;<\/p>\n<p>Potenciamos el teatro como una herramienta de aprendizaje de la lengua muy valiosa.[\/vc_column_text][vc_empty_space][vc_gallery type=\u00bbimage_grid\u00bb images=\u00bb2961,2962&#8243; img_size=\u00bbfull\u00bb column_number=\u00bb3&#8243; grayscale=\u00bbno\u00bb images_space=\u00bbgallery_without_space\u00bb]    <\/div>\n<\/div><h4 class=\"clearfix qode-title-holder\">\n<span class=\"qode-tab-title\">\n\t    <span class=\"qode-tab-title-inner\">\n        METODOLOG\u00cdAS INNOVADORAS    <\/span>\n<\/span>\n<span class=\"qode-accordion-mark\">\n    <span class=\"qode-accordion-mark-icon\">\n        <span class=\"icon_plus\"><\/span>\n        <span class=\"icon_minus-06\"><\/span>\n    <\/span>\n<\/span>\n<\/h4>\n<div  class=\"qode-accordion-content \" >\n    <div class=\"qode-accordion-content-inner\">\n        [vc_column_text]<\/p>\n<div>\n<p>En Primaria nos centramos en metodolog\u00edas activas y participativas. Ponemos el foco en el rol del alumnado como participante activo del proceso de ense\u00f1anza-aprendizaje y que lo conviertan en una persona cr\u00edtica, pr\u00e1ctica y reflexiva.<\/p>\n<\/div>\n<div>\n<p>&nbsp;<\/p>\n<\/div>\n<p>Partimos del trabajo basado en las inteligencias m\u00faltiples, el aprendizaje cooperativo, el trabajo por proyectos y el desarrollo creativo y cr\u00edtico. Trabajamos a trav\u00e9s de la investigaci\u00f3n, la experimentaci\u00f3n, el desarrollo de las habilidades comunicativas, la estimulaci\u00f3n de la curiosidad, la conexi\u00f3n con distintos contextos reales y el uso de la tecnolog\u00eda como herramienta de aprendizaje.[\/vc_column_text][vc_empty_space][vc_gallery type=\u00bbimage_grid\u00bb images=\u00bb2963,2964&#8243; img_size=\u00bbfull\u00bb column_number=\u00bb3&#8243; grayscale=\u00bbno\u00bb images_space=\u00bbgallery_without_space\u00bb]    <\/div>\n<\/div><h4 class=\"clearfix qode-title-holder\">\n<span class=\"qode-tab-title\">\n\t    <span class=\"qode-tab-title-inner\">\n        ATENCI\u00d3N A LA DIVERSIDAD    <\/span>\n<\/span>\n<span class=\"qode-accordion-mark\">\n    <span class=\"qode-accordion-mark-icon\">\n        <span class=\"icon_plus\"><\/span>\n        <span class=\"icon_minus-06\"><\/span>\n    <\/span>\n<\/span>\n<\/h4>\n<div  class=\"qode-accordion-content \" >\n    <div class=\"qode-accordion-content-inner\">\n        [vc_column_text]Reconocemos la diversidad como una riqueza. Disponemos de un equipo de maestros de atenci\u00f3n a la diversidad que gu\u00eda a los tutores de Primaria, procurando que la atenci\u00f3n hacia el alumnado sea lo m\u00e1s personalizada posible.<\/p>\n<p>&nbsp;<\/p>\n<p>En este sentido, tambi\u00e9n apostamos por el trabajo en grupos diversos: gran grupo y grupos reducidos a partir de las co-tutor\u00edas.[\/vc_column_text][vc_empty_space][vc_gallery type=\u00bbimage_grid\u00bb images=\u00bb2965,2966&#8243; img_size=\u00bbfull\u00bb column_number=\u00bb3&#8243; grayscale=\u00bbno\u00bb images_space=\u00bbgallery_without_space\u00bb]    <\/div>\n<\/div><h4 class=\"clearfix qode-title-holder\">\n<span class=\"qode-tab-title\">\n\t    <span class=\"qode-tab-title-inner\">\n        CO-TUTOR\u00cdA    <\/span>\n<\/span>\n<span class=\"qode-accordion-mark\">\n    <span class=\"qode-accordion-mark-icon\">\n        <span class=\"icon_plus\"><\/span>\n        <span class=\"icon_minus-06\"><\/span>\n    <\/span>\n<\/span>\n<\/h4>\n<div  class=\"qode-accordion-content \" >\n    <div class=\"qode-accordion-content-inner\">\n        [vc_column_text]Una herramienta fundamental en nuestra escuela es la tutor\u00eda compartida, es decir, la presencia de tres tutores en cada nivel. Esto nos permite llevar a cabo pr\u00e1cticas educativas significativas y eficaces, tener una visi\u00f3n m\u00e1s esmerada de los alumnos y atender a la diversidad.[\/vc_column_text][vc_empty_space][vc_gallery type=\u00bbimage_grid\u00bb images=\u00bb2967,2968&#8243; img_size=\u00bbfull\u00bb column_number=\u00bb3&#8243; grayscale=\u00bbno\u00bb images_space=\u00bbgallery_without_space\u00bb]    <\/div>\n<\/div><h4 class=\"clearfix qode-title-holder\">\n<span class=\"qode-tab-title\">\n\t    <span class=\"qode-tab-title-inner\">\n        APADRINAMIENTO LECTOR    <\/span>\n<\/span>\n<span class=\"qode-accordion-mark\">\n    <span class=\"qode-accordion-mark-icon\">\n        <span class=\"icon_plus\"><\/span>\n        <span class=\"icon_minus-06\"><\/span>\n    <\/span>\n<\/span>\n<\/h4>\n<div  class=\"qode-accordion-content \" >\n    <div class=\"qode-accordion-content-inner\">\n        [vc_column_text]Creemos en el aprendizaje entre iguales y optamos por el Aprendizaje-Servicio para establecer v\u00ednculos emocionales entre el alumnado de los diferentes cursos.[\/vc_column_text][vc_empty_space][vc_gallery type=\u00bbimage_grid\u00bb images=\u00bb2969,2970&#8243; img_size=\u00bbfull\u00bb column_number=\u00bb3&#8243; grayscale=\u00bbno\u00bb images_space=\u00bbgallery_without_space\u00bb]    <\/div>\n<\/div><h4 class=\"clearfix qode-title-holder\">\n<span class=\"qode-tab-title\">\n\t    <span class=\"qode-tab-title-inner\">\n        PLAN DE ACCI\u00d3N TUTORIAL Acompa\u00f1arTE    <\/span>\n<\/span>\n<span class=\"qode-accordion-mark\">\n    <span class=\"qode-accordion-mark-icon\">\n        <span class=\"icon_plus\"><\/span>\n        <span class=\"icon_minus-06\"><\/span>\n    <\/span>\n<\/span>\n<\/h4>\n<div  class=\"qode-accordion-content \" >\n    <div class=\"qode-accordion-content-inner\">\n        [vc_column_text]El Plan de Acci\u00f3n Tutorial propio est\u00e1 dise\u00f1ado para educar \u00edntegramente a nuestro alumnado y realizar un acompa\u00f1amiento en su crecimiento personal, social y emocional.<\/p>\n<p><img loading=\"lazy\" decoding=\"async\" class=\"size-full wp-image-3418 aligncenter\" src=\"https:\/\/bellvitge.escolateresiana.com\/wp-content\/uploads\/2024\/05\/acom-cast-300x300-1.png\" alt=\"\" width=\"300\" height=\"300\" srcset=\"https:\/\/bellvitge.escolateresiana.com\/wp-content\/uploads\/2024\/05\/acom-cast-300x300-1.png 300w, https:\/\/bellvitge.escolateresiana.com\/wp-content\/uploads\/2024\/05\/acom-cast-300x300-1-150x150.png 150w\" sizes=\"auto, (max-width: 300px) 100vw, 300px\" \/>[\/vc_column_text]    <\/div>\n<\/div><h4 class=\"clearfix qode-title-holder\">\n<span class=\"qode-tab-title\">\n\t    <span class=\"qode-tab-title-inner\">\n        PLAN DE INTERIORIDAD MirarTE    <\/span>\n<\/span>\n<span class=\"qode-accordion-mark\">\n    <span class=\"qode-accordion-mark-icon\">\n        <span class=\"icon_plus\"><\/span>\n        <span class=\"icon_minus-06\"><\/span>\n    <\/span>\n<\/span>\n<\/h4>\n<div  class=\"qode-accordion-content \" >\n    <div class=\"qode-accordion-content-inner\">\n        [vc_column_text]MirarTE, nuestro proyecto de Interioridad, pretende potenciar el autoconocimiento de nuestro alumnado descubriendo su riqueza interior para ayudarle a acercarse a los dem\u00e1s, al mundo y a Dios.[\/vc_column_text][vc_empty_space][vc_gallery type=\u00bbimage_grid\u00bb images=\u00bb2971&#8243; img_size=\u00bbfull\u00bb column_number=\u00bb3&#8243; grayscale=\u00bbno\u00bb images_space=\u00bbgallery_without_space\u00bb]    <\/div>\n<\/div><\/div>[\/vc_column][vc_column css_animation=\u00bbfadeIn\u00bb width=\u00bb1\/2&#8243; css=\u00bb.vc_custom_1673357514624{padding-top: 30px !important;padding-right: 30px !important;padding-bottom: 30px !important;padding-left: 30px !important;background-color: #ebd6ff !important;}\u00bb]<div class=\"qode-accordion-holder clearfix qode-toggle qode-initial \">\n\t<h4 class=\"clearfix qode-title-holder\">\n<span class=\"qode-tab-title\">\n\t    <span class=\"qode-tab-title-inner\">\n        TEATRO    <\/span>\n<\/span>\n<span class=\"qode-accordion-mark\">\n    <span class=\"qode-accordion-mark-icon\">\n        <span class=\"icon_plus\"><\/span>\n        <span class=\"icon_minus-06\"><\/span>\n    <\/span>\n<\/span>\n<\/h4>\n<div  class=\"qode-accordion-content \" >\n    <div class=\"qode-accordion-content-inner\">\n        [vc_column_text]El teatro es una actividad que potencia capacidades comunicativas. Es importante ense\u00f1ar a los ni\u00f1os y ni\u00f1as a expresarse tanto a nivel personal como social.<\/p>\n<p>&nbsp;<\/p>\n<p>Por eso creemos que el teatro constituye una parte muy importante en la educaci\u00f3n de los ni\u00f1os. Les da herramientas para aprender a expresar y comunicar sus propios sentimientos y a enriquecer sus medios de expresi\u00f3n. Tambi\u00e9n les ayuda a progresar en otras materias curriculares.<\/p>\n<p>&nbsp;<\/p>\n<p>Por otro lado, hacer teatro es trabajar en equipo, un valor muy importante en nuestra escuela y sociedad actual.[\/vc_column_text][vc_empty_space][vc_gallery type=\u00bbimage_grid\u00bb images=\u00bb2972,2973&#8243; img_size=\u00bbfull\u00bb column_number=\u00bb3&#8243; grayscale=\u00bbno\u00bb images_space=\u00bbgallery_without_space\u00bb]    <\/div>\n<\/div><h4 class=\"clearfix qode-title-holder\">\n<span class=\"qode-tab-title\">\n\t    <span class=\"qode-tab-title-inner\">\n        M\u00daSICA    <\/span>\n<\/span>\n<span class=\"qode-accordion-mark\">\n    <span class=\"qode-accordion-mark-icon\">\n        <span class=\"icon_plus\"><\/span>\n        <span class=\"icon_minus-06\"><\/span>\n    <\/span>\n<\/span>\n<\/h4>\n<div  class=\"qode-accordion-content \" >\n    <div class=\"qode-accordion-content-inner\">\n        [vc_column_text]La m\u00fasica es esencial para la educaci\u00f3n integral del individuo y al mismo tiempo se convierte en una herramienta poderosa para favorecer la educaci\u00f3n emocional y la interacci\u00f3n con los dem\u00e1s. Su aprendizaje se plantea desde el movimiento y el sentimiento de pertenencia de grupo. \u00a1Somos una comunidad donde la m\u00fasica est\u00e1 VIVA![\/vc_column_text][vc_empty_space][vc_gallery type=\u00bbimage_grid\u00bb images=\u00bb2974,2975&#8243; img_size=\u00bbfull\u00bb column_number=\u00bb3&#8243; grayscale=\u00bbno\u00bb images_space=\u00bbgallery_without_space\u00bb]    <\/div>\n<\/div><h4 class=\"clearfix qode-title-holder\">\n<span class=\"qode-tab-title\">\n\t    <span class=\"qode-tab-title-inner\">\n        EDUCACI\u00d3N F\u00cdSICA    <\/span>\n<\/span>\n<span class=\"qode-accordion-mark\">\n    <span class=\"qode-accordion-mark-icon\">\n        <span class=\"icon_plus\"><\/span>\n        <span class=\"icon_minus-06\"><\/span>\n    <\/span>\n<\/span>\n<\/h4>\n<div  class=\"qode-accordion-content \" >\n    <div class=\"qode-accordion-content-inner\">\n        [vc_column_text]El aprendizaje a trav\u00e9s del movimiento es fundamental. Trabajamos h\u00e1bitos de salud y fomentamos\u00a0 personas con una vida saludable.<\/p>\n<p>&nbsp;<\/p>\n<p>Jugar, disfrutar, aprender\u2026 \u00bfse puede pedir m\u00e1s?[\/vc_column_text][vc_empty_space][vc_gallery type=\u00bbimage_grid\u00bb images=\u00bb2976,2977&#8243; img_size=\u00bbfull\u00bb column_number=\u00bb3&#8243; grayscale=\u00bbno\u00bb images_space=\u00bbgallery_without_space\u00bb]    <\/div>\n<\/div><h4 class=\"clearfix qode-title-holder\">\n<span class=\"qode-tab-title\">\n\t    <span class=\"qode-tab-title-inner\">\n        TRANSFORMACI\u00d3N SOCIAL    <\/span>\n<\/span>\n<span class=\"qode-accordion-mark\">\n    <span class=\"qode-accordion-mark-icon\">\n        <span class=\"icon_plus\"><\/span>\n        <span class=\"icon_minus-06\"><\/span>\n    <\/span>\n<\/span>\n<\/h4>\n<div  class=\"qode-accordion-content \" >\n    <div class=\"qode-accordion-content-inner\">\n        [vc_column_text]Queremos personas que se conviertan en aut\u00e9nticas transformadoras sociales.<\/p>\n<p>&nbsp;<\/p>\n<p>Por eso, que el alumnado adquiera el compromiso hacia nuestro mundo se convierte en uno de los m\u00e1ximos objetivos en nuestra escuela.[\/vc_column_text][vc_empty_space][vc_gallery type=\u00bbimage_grid\u00bb images=\u00bb2978,2979,2980&#8243; img_size=\u00bbfull\u00bb column_number=\u00bb3&#8243; grayscale=\u00bbno\u00bb images_space=\u00bbgallery_without_space\u00bb]    <\/div>\n<\/div><h4 class=\"clearfix qode-title-holder\">\n<span class=\"qode-tab-title\">\n\t    <span class=\"qode-tab-title-inner\">\n        TECNOLOG\u00cdAS    <\/span>\n<\/span>\n<span class=\"qode-accordion-mark\">\n    <span class=\"qode-accordion-mark-icon\">\n        <span class=\"icon_plus\"><\/span>\n        <span class=\"icon_minus-06\"><\/span>\n    <\/span>\n<\/span>\n<\/h4>\n<div  class=\"qode-accordion-content \" >\n    <div class=\"qode-accordion-content-inner\">\n        [vc_column_text]Desarrollamos la competencia tecnol\u00f3gica en nuestro alumnado integrando el uso de los distintos dispositivos en el desarrollo de las propias materias.<\/p>\n<p>&nbsp;<\/p>\n<p>Todas nuestras aulas disponen del equipamiento inform\u00e1tico\/tecnol\u00f3gico necesario.[\/vc_column_text][vc_empty_space][vc_gallery type=\u00bbimage_grid\u00bb images=\u00bb2981,2982&#8243; img_size=\u00bbfull\u00bb column_number=\u00bb3&#8243; grayscale=\u00bbno\u00bb images_space=\u00bbgallery_without_space\u00bb]    <\/div>\n<\/div><\/div>[\/vc_column][\/vc_row][vc_row css_animation=\u00bb\u00bb row_type=\u00bbrow\u00bb use_row_as_full_screen_section=\u00bbno\u00bb type=\u00bbfull_width\u00bb angled_section=\u00bbno\u00bb text_align=\u00bbleft\u00bb background_image_as_pattern=\u00bbwithout_pattern\u00bb][vc_column][vc_empty_space height=\u00bb90px\u00bb][\/vc_column][\/vc_row][vc_row css_animation=\u00bb\u00bb row_type=\u00bbrow\u00bb use_row_as_full_screen_section=\u00bbno\u00bb type=\u00bbfull_width\u00bb angled_section=\u00bbno\u00bb text_align=\u00bbleft\u00bb background_image_as_pattern=\u00bbwithout_pattern\u00bb][vc_column][vc_gallery type=\u00bbimage_grid\u00bb images=\u00bb2961,2964,2972,2975&#8243; img_size=\u00bbfull\u00bb column_number=\u00bb4&#8243; grayscale=\u00bbno\u00bb images_space=\u00bbgallery_without_space\u00bb][\/vc_column][\/vc_row]<\/p>\n","protected":false},"excerpt":{"rendered":"<p>[vc_row css_animation=\u00bb\u00bb row_type=\u00bbrow\u00bb use_row_as_full_screen_section=\u00bbno\u00bb type=\u00bbfull_width\u00bb angled_section=\u00bbno\u00bb text_align=\u00bbleft\u00bb background_image_as_pattern=\u00bbwithout_pattern\u00bb][vc_column][\/vc_column][\/vc_row][vc_row css_animation=\u00bb\u00bb row_type=\u00bbrow\u00bb use_row_as_full_screen_section=\u00bbno\u00bb type=\u00bbfull_width\u00bb angled_section=\u00bbno\u00bb text_align=\u00bbleft\u00bb background_image_as_pattern=\u00bbwithout_pattern\u00bb][vc_column][qode_elements_holder number_of_columns=\u00bbtwo_columns\u00bb][qode_elements_holder_item advanced_animations=\u00bbno\u00bb][vc_single_image image=\u00bb2835&#8243; img_size=\u00bbfull\u00bb qode_css_animation=\u00bb\u00bb][\/qode_elements_holder_item][qode_elements_holder_item cover=\u00bbyes\u00bb advanced_animations=\u00bbno\u00bb item_padding=\u00bb0px 30px 0px 30px\u00bb background_image=\u00bb704&#8243;][vc_column_text] Primaria &nbsp; El momento de los grandes retos &nbsp; En Educaci\u00f3n Primaria (6 a 12 a\u00f1os) guiamos a&#8230;<\/p>\n","protected":false},"author":1,"featured_media":0,"parent":0,"menu_order":0,"comment_status":"closed","ping_status":"closed","template":"full_width.php","meta":{"footnotes":""},"class_list":["post-3218","page","type-page","status-publish","hentry"],"_links":{"self":[{"href":"https:\/\/bellvitge.escolateresiana.com\/es\/wp-json\/wp\/v2\/pages\/3218","targetHints":{"allow":["GET"]}}],"collection":[{"href":"https:\/\/bellvitge.escolateresiana.com\/es\/wp-json\/wp\/v2\/pages"}],"about":[{"href":"https:\/\/bellvitge.escolateresiana.com\/es\/wp-json\/wp\/v2\/types\/page"}],"author":[{"embeddable":true,"href":"https:\/\/bellvitge.escolateresiana.com\/es\/wp-json\/wp\/v2\/users\/1"}],"replies":[{"embeddable":true,"href":"https:\/\/bellvitge.escolateresiana.com\/es\/wp-json\/wp\/v2\/comments?post=3218"}],"version-history":[{"count":7,"href":"https:\/\/bellvitge.escolateresiana.com\/es\/wp-json\/wp\/v2\/pages\/3218\/revisions"}],"predecessor-version":[{"id":3565,"href":"https:\/\/bellvitge.escolateresiana.com\/es\/wp-json\/wp\/v2\/pages\/3218\/revisions\/3565"}],"wp:attachment":[{"href":"https:\/\/bellvitge.escolateresiana.com\/es\/wp-json\/wp\/v2\/media?parent=3218"}],"curies":[{"name":"wp","href":"https:\/\/api.w.org\/{rel}","templated":true}]}}