{"id":3221,"date":"2022-11-16T10:47:45","date_gmt":"2022-11-16T10:47:45","guid":{"rendered":"https:\/\/bellvitge.escolateresiana.com\/proyectos-innovadores\/"},"modified":"2024-06-04T09:33:15","modified_gmt":"2024-06-04T09:33:15","slug":"proyectos-innovadores","status":"publish","type":"page","link":"https:\/\/bellvitge.escolateresiana.com\/es\/proyectos-innovadores\/","title":{"rendered":"Proyectos innovadores"},"content":{"rendered":"<p>[vc_row css_animation=\u00bb\u00bb row_type=\u00bbrow\u00bb use_row_as_full_screen_section=\u00bbno\u00bb type=\u00bbfull_width\u00bb angled_section=\u00bbno\u00bb text_align=\u00bbleft\u00bb background_image_as_pattern=\u00bbwithout_pattern\u00bb css=\u00bb.vc_custom_1668595163832{background-color: #ffffff !important;}\u00bb z_index=\u00bb\u00bb][vc_column][qode_elements_holder number_of_columns=\u00bbtwo_columns\u00bb][qode_elements_holder_item advanced_animations=\u00bbno\u00bb][vc_single_image image=\u00bb2867&#8243; img_size=\u00bbfull\u00bb qode_css_animation=\u00bb\u00bb][\/qode_elements_holder_item][qode_elements_holder_item advanced_animations=\u00bbno\u00bb item_padding=\u00bb0px 30px 0px 30px\u00bb][vc_column_text]<\/p>\n<h3><span style=\"color: #45ac34;\">Proyectos de innovaci\u00f3n<\/span><\/h3>\n<p>&nbsp;<\/p>\n<p>Nuestra forma de educar integra los nuevos modelos pedag\u00f3gicos orientados a que nuestro alumnado se implique y se sienta protagonista de su aprendizaje. A trav\u00e9s de los proyectos de innovaci\u00f3n conseguimos que aprendan de forma significativa, a la vez que creativa, motivadora y divertida.<\/p>\n<p>&nbsp;<\/p>\n<p>Los proyectos nacen de retos o necesidades que identificamos en nuestro entorno. Para llevarlos a cabo, durante el proceso, el alumnado <strong>investiga<\/strong> , <strong>coopera<\/strong> , <strong>reflexiona<\/strong> y <strong>toma decisiones<\/strong> .[\/vc_column_text][\/qode_elements_holder_item][\/qode_elements_holder][\/vc_column][\/vc_row][vc_row css_animation=\u00bbelement_from_right\u00bb row_type=\u00bbrow\u00bb use_row_as_full_screen_section=\u00bbno\u00bb type=\u00bbfull_width\u00bb angled_section=\u00bbno\u00bb text_align=\u00bbleft\u00bb background_image_as_pattern=\u00bbwithout_pattern\u00bb z_index=\u00bb\u00bb background_image=\u00bb739&#8243;][vc_column][qode_elements_holder number_of_columns=\u00bbone_column\u00bb][qode_elements_holder_item advanced_animations=\u00bbno\u00bb item_padding=\u00bb0px 50px 0px 50px\u00bb][vc_empty_space height=\u00bb90px\u00bb][vc_column_text]<\/p>\n<h3><span style=\"color: #ffffff;\">Algunos de nuestros proyectos:<\/span><\/h3>\n<p>[\/vc_column_text][vc_empty_space height=\u00bb60px\u00bb][\/qode_elements_holder_item][\/qode_elements_holder][vc_row_inner row_type=\u00bbrow\u00bb type=\u00bbfull_width\u00bb text_align=\u00bbleft\u00bb css_animation=\u00bb\u00bb css=\u00bb.vc_custom_1668598660420{margin-right: 30px !important;margin-left: 30px !important;}\u00bb][vc_column_inner width=\u00bb1\/5&#8243;][vc_column_text]<strong><span style=\"color: #ffffff;\">Erasmus +<br \/>\n<\/span><\/strong>[\/vc_column_text][\/vc_column_inner][vc_column_inner width=\u00bb1\/5&#8243;][vc_column_text]<strong><span style=\"color: #ffffff;\">F\u00edsica y biolog\u00eda en contexto<br \/>\n<\/span><\/strong>[\/vc_column_text][\/vc_column_inner][vc_column_inner width=\u00bb1\/5&#8243;][vc_column_text]<span style=\"color: #ffffff;\"><strong>Padrinos lectores<br \/>\n<\/strong><\/span>[\/vc_column_text][\/vc_column_inner][vc_column_inner width=\u00bb1\/5&#8243;][vc_column_text]<span style=\"color: #ffffff;\"><strong>Huerto escolar<br \/>\n<\/strong><\/span>[\/vc_column_text][\/vc_column_inner][vc_column_inner width=\u00bb1\/5&#8243;][vc_column_text]<span style=\"color: #ffffff;\"><strong>Padrinos del r\u00edo Llobregat<\/strong><\/span>[\/vc_column_text][\/vc_column_inner][\/vc_row_inner][vc_separator type=\u00bbnormal\u00bb color=\u00bb#ffffff\u00bb][\/vc_column][\/vc_row][vc_row css_animation=\u00bbelement_from_right\u00bb row_type=\u00bbrow\u00bb use_row_as_full_screen_section=\u00bbno\u00bb type=\u00bbfull_width\u00bb angled_section=\u00bbno\u00bb text_align=\u00bbleft\u00bb background_image_as_pattern=\u00bbwithout_pattern\u00bb z_index=\u00bb\u00bb background_image=\u00bb739&#8243;][vc_column][qode_elements_holder number_of_columns=\u00bbone_column\u00bb][qode_elements_holder_item advanced_animations=\u00bbno\u00bb item_padding=\u00bb0px 50px 0px 50px\u00bb][vc_empty_space height=\u00bb90px\u00bb][vc_column_text]<\/p>\n<h3><span style=\"color: #ffffff;\">Aprendizaje servicio: Colaboramos en m\u00faltiples proyectos de servicio comunitario con diferentes estamentos y asociaciones, tales como:<br \/>\n<\/span><\/h3>\n<p>[\/vc_column_text][vc_empty_space height=\u00bb60px\u00bb][\/qode_elements_holder_item][\/qode_elements_holder][vc_row_inner row_type=\u00bbrow\u00bb type=\u00bbfull_width\u00bb text_align=\u00bbleft\u00bb css_animation=\u00bb\u00bb css=\u00bb.vc_custom_1668598660420{margin-right: 30px !important;margin-left: 30px !important;}\u00bb][vc_column_inner width=\u00bb1\/5&#8243;][vc_column_text]<strong><span style=\"color: #ffffff;\">Banco de Sangre y Tejidos de Catalu\u00f1a<\/span><\/strong><\/p>\n<p>[\/vc_column_text][\/vc_column_inner][vc_column_inner width=\u00bb1\/5&#8243;][vc_column_text]<strong><span style=\"color: #ffffff;\">Centro de educaci\u00f3n especial L&#8217;Estel-Can Bori<\/span><\/strong><\/p>\n<p>[\/vc_column_text][\/vc_column_inner][vc_column_inner width=\u00bb1\/5&#8243;][vc_column_text]<span style=\"color: #ffffff;\"><strong>Asociaci\u00f3n Sa\u00f3-Prat<\/strong><\/span><\/p>\n<p>[\/vc_column_text][\/vc_column_inner][vc_column_inner width=\u00bb1\/5&#8243;][vc_column_text]<span style=\"color: #ffffff;\"><strong>Casal de personas mayores de Bellvitge<\/strong><\/span><\/p>\n<p>[\/vc_column_text][\/vc_column_inner][vc_column_inner width=\u00bb1\/5&#8243;][vc_column_text]<span style=\"color: #ffffff;\"><strong>Casal de personas mayores del Gornal<br \/>\n<\/strong><\/span>[\/vc_column_text][\/vc_column_inner][\/vc_row_inner][vc_empty_space height=\u00bb10px\u00bb][vc_separator type=\u00bbnormal\u00bb color=\u00bb#ffffff\u00bb][vc_empty_space height=\u00bb10px\u00bb][vc_row_inner row_type=\u00bbrow\u00bb type=\u00bbfull_width\u00bb text_align=\u00bbleft\u00bb css_animation=\u00bb\u00bb css=\u00bb.vc_custom_1668598660420{margin-right: 30px !important;margin-left: 30px !important;}\u00bb][vc_column_inner width=\u00bb1\/5&#8243;][vc_column_text]<strong><span style=\"color: #ffffff;\">Biblioteca de Bellvitge<\/span><\/strong><\/p>\n<p>[\/vc_column_text][\/vc_column_inner][vc_column_inner width=\u00bb1\/5&#8243;][vc_column_text]<strong><span style=\"color: #ffffff;\">Parroquia de San Juan Evangelista<\/span><\/strong><\/p>\n<p>[\/vc_column_text][\/vc_column_inner][vc_column_inner width=\u00bb1\/5&#8243;][vc_column_text]<span style=\"color: #ffffff;\"><strong>CON<\/strong><\/span><\/p>\n<p>[\/vc_column_text][\/vc_column_inner][vc_column_inner width=\u00bb1\/5&#8243;][vc_column_text]<span style=\"color: #ffffff;\"><strong>Fundaci\u00f3n Banco de Alimentos<\/strong><\/span><\/p>\n<p>[\/vc_column_text][\/vc_column_inner][vc_column_inner width=\u00bb1\/5&#8243;][\/vc_column_inner][\/vc_row_inner][vc_empty_space height=\u00bb90px\u00bb][\/vc_column][\/vc_row][vc_row css_animation=\u00bb\u00bb row_type=\u00bbrow\u00bb use_row_as_full_screen_section=\u00bbno\u00bb type=\u00bbfull_width\u00bb angled_section=\u00bbno\u00bb text_align=\u00bbleft\u00bb background_image_as_pattern=\u00bbwithout_pattern\u00bb][vc_column][vc_gallery type=\u00bbimage_grid\u00bb images=\u00bb2869,2870,2871,3590&#8243; img_size=\u00bbfull\u00bb column_number=\u00bb4&#8243; grayscale=\u00bbno\u00bb images_space=\u00bbgallery_without_space\u00bb][\/vc_column][\/vc_row]<\/p>\n","protected":false},"excerpt":{"rendered":"<p>[vc_row css_animation=\u00bb\u00bb row_type=\u00bbrow\u00bb use_row_as_full_screen_section=\u00bbno\u00bb type=\u00bbfull_width\u00bb angled_section=\u00bbno\u00bb text_align=\u00bbleft\u00bb background_image_as_pattern=\u00bbwithout_pattern\u00bb css=\u00bb.vc_custom_1668595163832{background-color: #ffffff !important;}\u00bb z_index=\u00bb\u00bb][vc_column][qode_elements_holder number_of_columns=\u00bbtwo_columns\u00bb][qode_elements_holder_item advanced_animations=\u00bbno\u00bb][vc_single_image image=\u00bb2867&#8243; img_size=\u00bbfull\u00bb qode_css_animation=\u00bb\u00bb][\/qode_elements_holder_item][qode_elements_holder_item advanced_animations=\u00bbno\u00bb item_padding=\u00bb0px 30px 0px 30px\u00bb][vc_column_text] Proyectos de innovaci\u00f3n &nbsp; Nuestra forma de educar integra los nuevos modelos pedag\u00f3gicos orientados a que nuestro alumnado se implique y se sienta&#8230;<\/p>\n","protected":false},"author":1,"featured_media":0,"parent":0,"menu_order":0,"comment_status":"closed","ping_status":"closed","template":"full_width.php","meta":{"footnotes":""},"class_list":["post-3221","page","type-page","status-publish","hentry"],"_links":{"self":[{"href":"https:\/\/bellvitge.escolateresiana.com\/es\/wp-json\/wp\/v2\/pages\/3221","targetHints":{"allow":["GET"]}}],"collection":[{"href":"https:\/\/bellvitge.escolateresiana.com\/es\/wp-json\/wp\/v2\/pages"}],"about":[{"href":"https:\/\/bellvitge.escolateresiana.com\/es\/wp-json\/wp\/v2\/types\/page"}],"author":[{"embeddable":true,"href":"https:\/\/bellvitge.escolateresiana.com\/es\/wp-json\/wp\/v2\/users\/1"}],"replies":[{"embeddable":true,"href":"https:\/\/bellvitge.escolateresiana.com\/es\/wp-json\/wp\/v2\/comments?post=3221"}],"version-history":[{"count":9,"href":"https:\/\/bellvitge.escolateresiana.com\/es\/wp-json\/wp\/v2\/pages\/3221\/revisions"}],"predecessor-version":[{"id":3597,"href":"https:\/\/bellvitge.escolateresiana.com\/es\/wp-json\/wp\/v2\/pages\/3221\/revisions\/3597"}],"wp:attachment":[{"href":"https:\/\/bellvitge.escolateresiana.com\/es\/wp-json\/wp\/v2\/media?parent=3221"}],"curies":[{"name":"wp","href":"https:\/\/api.w.org\/{rel}","templated":true}]}}