{"id":3237,"date":"2022-11-09T15:14:25","date_gmt":"2022-11-09T15:14:25","guid":{"rendered":"https:\/\/bellvitge.escolateresiana.com\/objetivo-del-curso\/"},"modified":"2025-09-15T10:33:44","modified_gmt":"2025-09-15T10:33:44","slug":"objetivo-del-curso","status":"publish","type":"page","link":"https:\/\/bellvitge.escolateresiana.com\/es\/objetivo-del-curso\/","title":{"rendered":"Objetivo del curso"},"content":{"rendered":"<p>[vc_row css_animation=\u00bb\u00bb row_type=\u00bbrow\u00bb use_row_as_full_screen_section=\u00bbno\u00bb type=\u00bbfull_width\u00bb angled_section=\u00bbno\u00bb text_align=\u00bbleft\u00bb background_image_as_pattern=\u00bbwithout_pattern\u00bb][vc_column][qode_elements_holder number_of_columns=\u00bbone_column\u00bb][qode_elements_holder_item cover=\u00bbyes\u00bb advanced_animations=\u00bbno\u00bb item_padding=\u00bb0px 60px 0px 60px\u00bb background_image=\u00bb795&#8243;][vc_empty_space][vc_column_text]<\/p>\n<h5>En la Escuela Teresiana nos planteamos este curso c\u00f3mo <i>\u201chacernos cargo\u201d<\/i> y <i>\u201cencargarnos\u201d<\/i> de la realidad de nuestro mundo, herido por la injusticia, el individualismo y la polarizaci\u00f3n.<\/h5>\n<p>&nbsp;<\/p>\n<h4>So\u00f1amos con\u2026<\/h4>\n<p>[\/vc_column_text][vc_empty_space][vc_column_text css=\u00bb.vc_custom_1756983406553{padding-top: 20px !important;padding-right: 20px !important;padding-bottom: 20px !important;padding-left: 20px !important;background-color: #ffffff !important;}\u00bb]<\/p>\n<h5>\u2026 ser <b>escuelas del cuidado<\/b> que promuevan estructuras de <span style=\"color: #c90808;\"><b>participaci\u00f3n<\/b><\/span> y el <span style=\"color: #339966;\"><b>acompa\u00f1amiento<\/b><\/span> de personas y procesos para impulsar la <span style=\"color: #333399;\"><b>identificaci\u00f3n<\/b><\/span> con nuestro proyecto educativo teresiano cuyo perfil de salida es una alternativa para la <span style=\"color: #ffcc00;\"><b>transformaci\u00f3n<\/b><\/span> de la sociedad.<\/h5>\n<p>[\/vc_column_text][vc_empty_space][\/qode_elements_holder_item][qode_elements_holder_item advanced_animations=\u00bbno\u00bb][vc_single_image image=\u00bb3740&#8243; img_size=\u00bbfull\u00bb qode_css_animation=\u00bb\u00bb][\/qode_elements_holder_item][\/qode_elements_holder][\/vc_column][\/vc_row][vc_row css_animation=\u00bb\u00bb row_type=\u00bbrow\u00bb use_row_as_full_screen_section=\u00bbno\u00bb type=\u00bbgrid\u00bb angled_section=\u00bbno\u00bb text_align=\u00bbleft\u00bb background_image_as_pattern=\u00bbwithout_pattern\u00bb z_index=\u00bb\u00bb css=\u00bb.vc_custom_1654246533586{background-color: #ffffff !important;}\u00bb padding_top=\u00bb40&#8243; padding_bottom=\u00bb40&#8243;][vc_column][vc_empty_space][vc_column_text]<\/p>\n<h4>El lema <b>\u201cenREDa2\u201d<\/b> nos invita a vivir unidos en red, cultivando un modo de ser, actuar y educar desde cuatro claves fundamentales:<\/h4>\n<p>[\/vc_column_text][\/vc_column][\/vc_row][vc_row css_animation=\u00bb\u00bb row_type=\u00bbrow\u00bb use_row_as_full_screen_section=\u00bbno\u00bb type=\u00bbgrid\u00bb angled_section=\u00bbno\u00bb text_align=\u00bbleft\u00bb background_image_as_pattern=\u00bbwithout_pattern\u00bb z_index=\u00bb\u00bb css=\u00bb.vc_custom_1725360283758{background-color: #ffffff !important;}\u00bb][vc_column css_animation=\u00bbfadeInDown\u00bb width=\u00bb1\/4&#8243;][vc_single_image image=\u00bb3730&#8243; img_size=\u00bbfull\u00bb alignment=\u00bbcenter\u00bb qode_css_animation=\u00bb\u00bb][vc_empty_space][vc_column_text]<\/p>\n<h4 style=\"text-align: center;\"><span style=\"background-color: #1f4e99; color: #ffffff;\"><strong>INTERIORIDAD TRANSFORMADORA:<\/strong><\/span><\/h4>\n<p style=\"text-align: center;\">para hacernos cargo del mundo es necesario escucharlo y escucharnos desde dentro, conectados con nosotros mismos, con los dem\u00e1s y con Dios. La interioridad nos fortalece como educadores teresianos y nos abre a la identificaci\u00f3n con el proyecto educativo.<\/p>\n<p>[\/vc_column_text][vc_empty_space][\/vc_column][vc_column css_animation=\u00bbfadeInUp\u00bb width=\u00bb1\/4&#8243;][vc_single_image image=\u00bb3732&#8243; img_size=\u00bbfull\u00bb alignment=\u00bbcenter\u00bb qode_css_animation=\u00bb\u00bb][vc_empty_space][vc_column_text]<\/p>\n<h4 style=\"text-align: center;\"><span style=\"background-color: #d62839; color: #ffffff;\"><strong>CULTURA DEL DI\u00c1LOGO:<\/strong><\/span><\/h4>\n<p style=\"text-align: center;\">el di\u00e1logo aut\u00e9ntico implica riesgo, apertura y co-creaci\u00f3n. Supone dejarse afectar por el otro y construir juntos. En un mundo fragmentado, el di\u00e1logo teje relaciones aut\u00e9nticas y hace posible la participaci\u00f3n de toda la comunidad educativa.<\/p>\n<p>[\/vc_column_text][vc_empty_space][\/vc_column][vc_column css_animation=\u00bbfadeInDown\u00bb width=\u00bb1\/4&#8243;][vc_single_image image=\u00bb3736&#8243; img_size=\u00bbfull\u00bb alignment=\u00bbcenter\u00bb qode_css_animation=\u00bb\u00bb][vc_empty_space][vc_column_text]<\/p>\n<h4 style=\"text-align: center;\"><span style=\"background-color: #1f7a3f; color: #ffffff;\"><strong>GENERAR V\u00cdNCULOS:<\/strong><\/span><\/h4>\n<p style=\"text-align: center;\">frente a la superficialidad de las conexiones digitales, estamos llamados a crear lazos humanos s\u00f3lidos, nutridos por el amor, que fortalezcan un <i>\u201cnosotros\u201d<\/i> amplio. Estos v\u00ednculos sostienen el acompa\u00f1amiento de personas y procesos en la escuela.<\/p>\n<p>[\/vc_column_text][vc_empty_space][\/vc_column][vc_column css_animation=\u00bbfadeInUp\u00bb width=\u00bb1\/4&#8243;][vc_single_image image=\u00bb3734&#8243; img_size=\u00bbfull\u00bb alignment=\u00bbcenter\u00bb qode_css_animation=\u00bb\u00bb][vc_empty_space][vc_column_text]<\/p>\n<h4 style=\"text-align: center;\"><span style=\"background-color: #f4a300; color: #ffffff;\"><strong>\u00a0COLABORACI\u00d3N COM\u00daN:<\/strong><\/span><\/h4>\n<p style=\"text-align: center;\">la verdadera transformaci\u00f3n surge de la acci\u00f3n compartida por el bien com\u00fan. Cada persona aporta desde su singularidad, y juntos construimos un tejido social m\u00e1s justo y solidario. La colaboraci\u00f3n, como los hilos de una red, da fuerza y cohesi\u00f3n a la comunidad.<\/p>\n<p>[\/vc_column_text][vc_empty_space][\/vc_column][\/vc_row][vc_row css_animation=\u00bb\u00bb row_type=\u00bbrow\u00bb use_row_as_full_screen_section=\u00bbno\u00bb type=\u00bbgrid\u00bb angled_section=\u00bbno\u00bb text_align=\u00bbleft\u00bb background_image_as_pattern=\u00bbwithout_pattern\u00bb z_index=\u00bb\u00bb css=\u00bb.vc_custom_1725360283758{background-color: #ffffff !important;}\u00bb][vc_column]<div class=\"qode-simple-quote-holder \">\n\t<div class=\"qode-simple-quote-triangle-shadow\">\n\t\t\n\t<\/div>\n\t<div class=\"qode-simple-quote-triangle\" style=\"border-bottom-color: #eaeaea\">\n\t\t\n\t<\/div>\n\t<div class=\"qode-simple-quote-holder-inner\" style=\"background-color: #eaeaea;border-color: #eaeaea\">\n\t\t<div class=\"qode-simple-quote-icon-holder\"  style=\"fill: #f4a300\">\n\t\t\t<svg x=\"0px\" y=\"0px\" width=\"118px\" height=\"97px\" viewBox=\"0 0 118 97\" enable-background=\"new 0 0 118 97\" xml:space=\"preserve\">\n\t\t\t\t<g>\n\t\t\t\t\t<path d=\"M31.1,73.998c5.688-7.111,8.535-14.316,8.535-21.617c0-3.09-0.371-5.751-1.113-7.978c-4.332,3.34-9.031,5.009-14.102,5.009\n\t\t\t\t\t\tc-6.929,0-12.71-2.194-17.349-6.586c-4.639-4.389-6.958-10.298-6.958-17.72c0-6.926,2.348-12.71,7.051-17.349\n\t\t\t\t\t\tc4.7-4.639,10.452-6.958,17.256-6.958c9.77,0,17.256,4.021,22.451,12.061c4.329,6.68,6.494,15.029,6.494,25.049\n\t\t\t\t\t\tc0,12.742-3.247,24.154-9.741,34.234C37.13,82.227,27.325,90.357,14.215,96.541l-3.525-6.865\n\t\t\t\t\t\tC18.604,86.336,25.409,81.113,31.1,73.998z M95.67,73.998c5.688-7.111,8.535-14.316,8.535-21.617c0-3.09-0.371-5.751-1.113-7.978\n\t\t\t\t\t\tc-4.206,3.34-8.906,5.009-14.102,5.009c-6.804,0-12.556-2.194-17.256-6.586c-4.702-4.389-7.051-10.298-7.051-17.72\n\t\t\t\t\t\tc0-4.575,1.113-8.721,3.34-12.432s5.195-6.616,8.906-8.721c3.711-2.102,7.729-3.154,12.061-3.154\n\t\t\t\t\t\tc9.771,0,17.256,4.021,22.451,12.061c4.329,6.68,6.494,15.029,6.494,25.049c0,12.742-3.247,24.154-9.741,34.234\n\t\t\t\t\t\tC101.7,82.227,91.896,90.357,78.785,96.541l-3.525-6.865C83.175,86.336,89.979,81.113,95.67,73.998z\"\/>\n\t\t\t\t<\/g>\n\t\t\t<\/svg>\n\t\t<\/div>\n\t\t<div class=\"qode-simple-quote-content-holder\">\n\t\t\t<div class=\"qode-simple-quote-content-holder-inner\">\n\t\t\t\t<div class=\"qode-simple-quote-text-holder\" >\n\t\t\t\t\t<h5 class=\"qode-simple-quote-text-title\"> La escuela que so\u00f1amos es, por tanto, una aut\u00e9ntica red de cuidados, flexible y resistente, en la que cada persona es protagonista con otros. As\u00ed podremos proclamar con Enrique de Oss\u00f3:  <\/h5>\n\t\t\t\t<\/div>\n\t\t\t\t<div class=\"qode-simple-quote-author-holder\">\n\t\t\t\t\t<h4 class=\"qode-simple-quote-author-title\"> \u201c\u00a1Benditos enredos y benditas redes!\u201d  <\/h4>\n\t\t\t\t<\/div>\n\t\t\t<\/div>\n\t\t<\/div>\n\t<\/div>\n<\/div>[vc_empty_space][vc_empty_space][vc_video link=\u00bbhttps:\/\/youtu.be\/mF09QD7BqMc?si=FrlLK2PsQG4T8068&#8243;][vc_empty_space][vc_empty_space][\/vc_column][\/vc_row]<\/p>\n","protected":false},"excerpt":{"rendered":"<p>[vc_row css_animation=\u00bb\u00bb row_type=\u00bbrow\u00bb use_row_as_full_screen_section=\u00bbno\u00bb type=\u00bbfull_width\u00bb angled_section=\u00bbno\u00bb text_align=\u00bbleft\u00bb background_image_as_pattern=\u00bbwithout_pattern\u00bb][vc_column][qode_elements_holder number_of_columns=\u00bbone_column\u00bb][qode_elements_holder_item cover=\u00bbyes\u00bb advanced_animations=\u00bbno\u00bb item_padding=\u00bb0px 60px 0px 60px\u00bb background_image=\u00bb795&#8243;][vc_empty_space][vc_column_text] En la Escuela Teresiana nos planteamos este curso c\u00f3mo \u201chacernos cargo\u201d y \u201cencargarnos\u201d de la realidad de nuestro mundo, herido por la injusticia, el individualismo y la polarizaci\u00f3n. &nbsp;&#8230;<\/p>\n","protected":false},"author":1,"featured_media":0,"parent":0,"menu_order":0,"comment_status":"closed","ping_status":"closed","template":"full_width.php","meta":{"footnotes":""},"class_list":["post-3237","page","type-page","status-publish","hentry"],"_links":{"self":[{"href":"https:\/\/bellvitge.escolateresiana.com\/es\/wp-json\/wp\/v2\/pages\/3237","targetHints":{"allow":["GET"]}}],"collection":[{"href":"https:\/\/bellvitge.escolateresiana.com\/es\/wp-json\/wp\/v2\/pages"}],"about":[{"href":"https:\/\/bellvitge.escolateresiana.com\/es\/wp-json\/wp\/v2\/types\/page"}],"author":[{"embeddable":true,"href":"https:\/\/bellvitge.escolateresiana.com\/es\/wp-json\/wp\/v2\/users\/1"}],"replies":[{"embeddable":true,"href":"https:\/\/bellvitge.escolateresiana.com\/es\/wp-json\/wp\/v2\/comments?post=3237"}],"version-history":[{"count":9,"href":"https:\/\/bellvitge.escolateresiana.com\/es\/wp-json\/wp\/v2\/pages\/3237\/revisions"}],"predecessor-version":[{"id":3745,"href":"https:\/\/bellvitge.escolateresiana.com\/es\/wp-json\/wp\/v2\/pages\/3237\/revisions\/3745"}],"wp:attachment":[{"href":"https:\/\/bellvitge.escolateresiana.com\/es\/wp-json\/wp\/v2\/media?parent=3237"}],"curies":[{"name":"wp","href":"https:\/\/api.w.org\/{rel}","templated":true}]}}